{"id":77501,"date":"2018-03-28T04:38:27","date_gmt":"2018-03-28T02:38:27","guid":{"rendered":"https:\/\/shop.larus.ch\/product\/porte-pour-clture-en-lattes\/"},"modified":"2026-04-19T03:00:39","modified_gmt":"2026-04-19T01:00:39","slug":"porte-pour-clture-en-lattes-7","status":"publish","type":"product","link":"https:\/\/shop.larus.ch\/fr\/product\/porte-pour-clture-en-lattes-7\/","title":{"rendered":"Porte pour cl\u00f4ture en lattes"},"content":{"rendered":"<p>Porte pour cl\u00f4ture en lattes ch\u00e2taignier naturel<br \/>lattes fendues \u00e0 la main, pointues, clou\u00e9es, incl. ferrures<\/p>\n","protected":false},"excerpt":{"rendered":"<p>Porte pour cl\u00f4ture en lattes ch\u00e2taignier naturel<br \/>lattes fendues \u00e0 la main, pointues, clou\u00e9es, incl. ferrures<\/p>\n","protected":false},"featured_media":323995,"template":"","meta":[],"product_cat":[59634],"product_tag":[],"_links":{"self":[{"href":"https:\/\/shop.larus.ch\/fr\/wp-json\/wp\/v2\/product\/77501"}],"collection":[{"href":"https:\/\/shop.larus.ch\/fr\/wp-json\/wp\/v2\/product"}],"about":[{"href":"https:\/\/shop.larus.ch\/fr\/wp-json\/wp\/v2\/types\/product"}],"wp:featuredmedia":[{"embeddable":true,"href":"https:\/\/shop.larus.ch\/fr\/wp-json\/wp\/v2\/media\/323995"}],"wp:attachment":[{"href":"https:\/\/shop.larus.ch\/fr\/wp-json\/wp\/v2\/media?parent=77501"}],"wp:term":[{"taxonomy":"product_cat","embeddable":true,"href":"https:\/\/shop.larus.ch\/fr\/wp-json\/wp\/v2\/product_cat?post=77501"},{"taxonomy":"product_tag","embeddable":true,"href":"https:\/\/shop.larus.ch\/fr\/wp-json\/wp\/v2\/product_tag?post=77501"}],"curies":[{"name":"wp","href":"https:\/\/api.w.org\/{rel}","templated":true}]}}