{"id":77497,"date":"2018-03-28T04:38:23","date_gmt":"2018-03-28T02:38:23","guid":{"rendered":"https:\/\/shop.larus.ch\/product\/porte-pour-clture-en-lattes-chtaignier\/"},"modified":"2026-04-16T03:10:54","modified_gmt":"2026-04-16T01:10:54","slug":"porte-pour-clture-en-lattes-chtaignier","status":"publish","type":"product","link":"https:\/\/shop.larus.ch\/fr\/product\/porte-pour-clture-en-lattes-chtaignier\/","title":{"rendered":"Porte pour cl\u00f4ture en lattes ch\u00e2taignier"},"content":{"rendered":"<p>Porte pour cl\u00f4ture en lattes ch\u00e2taignier naturel<br \/>lattes fendues, pointues, clou\u00e9es, incl. ferrures<\/p>\n","protected":false},"excerpt":{"rendered":"<p>Porte pour cl\u00f4ture en lattes ch\u00e2taignier naturel<br \/>lattes fendues, pointues, clou\u00e9es, incl. ferrures<\/p>\n","protected":false},"featured_media":324854,"template":"","meta":[],"product_cat":[59634],"product_tag":[],"_links":{"self":[{"href":"https:\/\/shop.larus.ch\/fr\/wp-json\/wp\/v2\/product\/77497"}],"collection":[{"href":"https:\/\/shop.larus.ch\/fr\/wp-json\/wp\/v2\/product"}],"about":[{"href":"https:\/\/shop.larus.ch\/fr\/wp-json\/wp\/v2\/types\/product"}],"wp:featuredmedia":[{"embeddable":true,"href":"https:\/\/shop.larus.ch\/fr\/wp-json\/wp\/v2\/media\/324854"}],"wp:attachment":[{"href":"https:\/\/shop.larus.ch\/fr\/wp-json\/wp\/v2\/media?parent=77497"}],"wp:term":[{"taxonomy":"product_cat","embeddable":true,"href":"https:\/\/shop.larus.ch\/fr\/wp-json\/wp\/v2\/product_cat?post=77497"},{"taxonomy":"product_tag","embeddable":true,"href":"https:\/\/shop.larus.ch\/fr\/wp-json\/wp\/v2\/product_tag?post=77497"}],"curies":[{"name":"wp","href":"https:\/\/api.w.org\/{rel}","templated":true}]}}