{"id":77493,"date":"2018-03-28T04:38:20","date_gmt":"2018-03-28T02:38:20","guid":{"rendered":"https:\/\/shop.larus.ch\/product\/clture-en-lattes-chtaignier\/"},"modified":"2026-04-16T03:21:20","modified_gmt":"2026-04-16T01:21:20","slug":"clture-en-lattes-chtaignier","status":"publish","type":"product","link":"https:\/\/shop.larus.ch\/fr\/product\/clture-en-lattes-chtaignier\/","title":{"rendered":"Cl\u00f4ture en lattes ch\u00e2taignier"},"content":{"rendered":"<p>Cl\u00f4ture en lattes ch\u00e2taignier naturel<br \/>Lattes fendues, pointues,<br \/>mont\u00e9es sur 3 fils horizontaux,<br \/>rouleau de 5 m de long<\/p>\n","protected":false},"excerpt":{"rendered":"<p>Cl\u00f4ture en lattes ch\u00e2taignier naturel<br \/>Lattes fendues, pointues,<br \/>mont\u00e9es sur 3 fils horizontaux,<br \/>rouleau de 5 m de long<\/p>\n","protected":false},"featured_media":323775,"template":"","meta":[],"product_cat":[59632],"product_tag":[],"_links":{"self":[{"href":"https:\/\/shop.larus.ch\/fr\/wp-json\/wp\/v2\/product\/77493"}],"collection":[{"href":"https:\/\/shop.larus.ch\/fr\/wp-json\/wp\/v2\/product"}],"about":[{"href":"https:\/\/shop.larus.ch\/fr\/wp-json\/wp\/v2\/types\/product"}],"wp:featuredmedia":[{"embeddable":true,"href":"https:\/\/shop.larus.ch\/fr\/wp-json\/wp\/v2\/media\/323775"}],"wp:attachment":[{"href":"https:\/\/shop.larus.ch\/fr\/wp-json\/wp\/v2\/media?parent=77493"}],"wp:term":[{"taxonomy":"product_cat","embeddable":true,"href":"https:\/\/shop.larus.ch\/fr\/wp-json\/wp\/v2\/product_cat?post=77493"},{"taxonomy":"product_tag","embeddable":true,"href":"https:\/\/shop.larus.ch\/fr\/wp-json\/wp\/v2\/product_tag?post=77493"}],"curies":[{"name":"wp","href":"https:\/\/api.w.org\/{rel}","templated":true}]}}