{"id":77481,"date":"2018-03-28T04:36:23","date_gmt":"2018-03-28T02:36:23","guid":{"rendered":"https:\/\/shop.larus.ch\/product\/traverses-non-biseaut\/"},"modified":"2026-04-19T03:00:58","modified_gmt":"2026-04-19T01:00:58","slug":"traverses-non-biseaut","status":"publish","type":"product","link":"https:\/\/shop.larus.ch\/fr\/product\/traverses-non-biseaut\/","title":{"rendered":"Traverses non biseaut\u00e9"},"content":{"rendered":"<p>Traverses en bois de m\u00e9l\u00e8ze <br \/>non biseaut\u00e9, rabot\u00e9e, sans aubier, naturel<\/p>\n","protected":false},"excerpt":{"rendered":"<p>Traverses en bois de m\u00e9l\u00e8ze <br \/>non biseaut\u00e9, rabot\u00e9e, sans aubier, naturel<\/p>\n","protected":false},"featured_media":324370,"template":"","meta":[],"product_cat":[59141],"product_tag":[],"_links":{"self":[{"href":"https:\/\/shop.larus.ch\/fr\/wp-json\/wp\/v2\/product\/77481"}],"collection":[{"href":"https:\/\/shop.larus.ch\/fr\/wp-json\/wp\/v2\/product"}],"about":[{"href":"https:\/\/shop.larus.ch\/fr\/wp-json\/wp\/v2\/types\/product"}],"wp:featuredmedia":[{"embeddable":true,"href":"https:\/\/shop.larus.ch\/fr\/wp-json\/wp\/v2\/media\/324370"}],"wp:attachment":[{"href":"https:\/\/shop.larus.ch\/fr\/wp-json\/wp\/v2\/media?parent=77481"}],"wp:term":[{"taxonomy":"product_cat","embeddable":true,"href":"https:\/\/shop.larus.ch\/fr\/wp-json\/wp\/v2\/product_cat?post=77481"},{"taxonomy":"product_tag","embeddable":true,"href":"https:\/\/shop.larus.ch\/fr\/wp-json\/wp\/v2\/product_tag?post=77481"}],"curies":[{"name":"wp","href":"https:\/\/api.w.org\/{rel}","templated":true}]}}