{"id":77469,"date":"2018-03-28T04:22:03","date_gmt":"2018-03-28T02:22:03","guid":{"rendered":"https:\/\/shop.larus.ch\/product\/support-pour-plantes\/"},"modified":"2026-04-16T03:11:19","modified_gmt":"2026-04-16T01:11:19","slug":"support-pour-plantes","status":"publish","type":"product","link":"https:\/\/shop.larus.ch\/fr\/product\/support-pour-plantes\/","title":{"rendered":"Support pour plantes"},"content":{"rendered":"<p>Support pour plantes grimpantes<br \/>maillage 5 x 20 cm<br \/>\u00e9paisseur de fil 6\/8 mm ,soud\u00e9 et galvanis\u00e9 \u00e0 chaud<\/p>\n","protected":false},"excerpt":{"rendered":"<p>Support pour plantes grimpantes<br \/>maillage 5 x 20 cm<br \/>\u00e9paisseur de fil 6\/8 mm ,soud\u00e9 et galvanis\u00e9 \u00e0 chaud<\/p>\n","protected":false},"featured_media":323047,"template":"","meta":[],"product_cat":[59630],"product_tag":[],"_links":{"self":[{"href":"https:\/\/shop.larus.ch\/fr\/wp-json\/wp\/v2\/product\/77469"}],"collection":[{"href":"https:\/\/shop.larus.ch\/fr\/wp-json\/wp\/v2\/product"}],"about":[{"href":"https:\/\/shop.larus.ch\/fr\/wp-json\/wp\/v2\/types\/product"}],"wp:featuredmedia":[{"embeddable":true,"href":"https:\/\/shop.larus.ch\/fr\/wp-json\/wp\/v2\/media\/323047"}],"wp:attachment":[{"href":"https:\/\/shop.larus.ch\/fr\/wp-json\/wp\/v2\/media?parent=77469"}],"wp:term":[{"taxonomy":"product_cat","embeddable":true,"href":"https:\/\/shop.larus.ch\/fr\/wp-json\/wp\/v2\/product_cat?post=77469"},{"taxonomy":"product_tag","embeddable":true,"href":"https:\/\/shop.larus.ch\/fr\/wp-json\/wp\/v2\/product_tag?post=77469"}],"curies":[{"name":"wp","href":"https:\/\/api.w.org\/{rel}","templated":true}]}}