{"id":329080,"date":"2026-04-21T03:11:34","date_gmt":"2026-04-21T01:11:34","guid":{"rendered":"https:\/\/shop.larus.ch\/product\/maison-en-bloc-de-madriers-amelie-8-4m%c2%b2\/"},"modified":"2026-04-21T03:11:34","modified_gmt":"2026-04-21T01:11:34","slug":"maison-en-bloc-de-madriers-amelie-8-4m%c2%b2","status":"publish","type":"product","link":"https:\/\/shop.larus.ch\/fr\/product\/maison-en-bloc-de-madriers-amelie-8-4m%c2%b2\/","title":{"rendered":"Maison en bloc de madriers Amelie 8.4m\u00b2"},"content":{"rendered":"<p>Chalet Am\u00e9lie, 8,4 m\u00b2<br \/>\u00c9pic\u00e9a nordique massif non trait\u00e9, madriers de 44 mm, double porte 147 x 191 cm, portes et fen\u00eatres en aluminium, double vitrage isolant tremp\u00e9, y compris le sol, sans feutre de toiture<\/p>\n","protected":false},"excerpt":{"rendered":"<p>Chalet Am\u00e9lie, 8,4 m\u00b2<br \/>\u00c9pic\u00e9a nordique massif non trait\u00e9, madriers de 44 mm, double porte 147 x 191 cm, portes et fen\u00eatres en aluminium, double vitrage isolant tremp\u00e9, y compris le sol, sans feutre de toiture<\/p>\n","protected":false},"featured_media":0,"template":"","meta":[],"product_cat":[59471],"product_tag":[],"_links":{"self":[{"href":"https:\/\/shop.larus.ch\/fr\/wp-json\/wp\/v2\/product\/329080"}],"collection":[{"href":"https:\/\/shop.larus.ch\/fr\/wp-json\/wp\/v2\/product"}],"about":[{"href":"https:\/\/shop.larus.ch\/fr\/wp-json\/wp\/v2\/types\/product"}],"wp:attachment":[{"href":"https:\/\/shop.larus.ch\/fr\/wp-json\/wp\/v2\/media?parent=329080"}],"wp:term":[{"taxonomy":"product_cat","embeddable":true,"href":"https:\/\/shop.larus.ch\/fr\/wp-json\/wp\/v2\/product_cat?post=329080"},{"taxonomy":"product_tag","embeddable":true,"href":"https:\/\/shop.larus.ch\/fr\/wp-json\/wp\/v2\/product_tag?post=329080"}],"curies":[{"name":"wp","href":"https:\/\/api.w.org\/{rel}","templated":true}]}}