{"id":329072,"date":"2026-04-21T03:11:02","date_gmt":"2026-04-21T01:11:02","guid":{"rendered":"https:\/\/shop.larus.ch\/product\/abri-de-jardin-lina\/"},"modified":"2026-04-21T03:11:02","modified_gmt":"2026-04-21T01:11:02","slug":"abri-de-jardin-lina","status":"publish","type":"product","link":"https:\/\/shop.larus.ch\/fr\/product\/abri-de-jardin-lina\/","title":{"rendered":"Abri de jardin Lina"},"content":{"rendered":"<p>Abri de jardin Lina, 3 m\u00b2<br \/>\u00c9pic\u00e9a impr\u00e9gn\u00e9 par trempage brun<br \/>\u00c9paisseur des parois : 16 mm<\/p>\n","protected":false},"excerpt":{"rendered":"<p>Abri de jardin Lina, 3 m\u00b2<br \/>\u00c9pic\u00e9a impr\u00e9gn\u00e9 par trempage brun<br \/>\u00c9paisseur des parois : 16 mm<\/p>\n","protected":false},"featured_media":0,"template":"","meta":[],"product_cat":[63367],"product_tag":[],"_links":{"self":[{"href":"https:\/\/shop.larus.ch\/fr\/wp-json\/wp\/v2\/product\/329072"}],"collection":[{"href":"https:\/\/shop.larus.ch\/fr\/wp-json\/wp\/v2\/product"}],"about":[{"href":"https:\/\/shop.larus.ch\/fr\/wp-json\/wp\/v2\/types\/product"}],"wp:attachment":[{"href":"https:\/\/shop.larus.ch\/fr\/wp-json\/wp\/v2\/media?parent=329072"}],"wp:term":[{"taxonomy":"product_cat","embeddable":true,"href":"https:\/\/shop.larus.ch\/fr\/wp-json\/wp\/v2\/product_cat?post=329072"},{"taxonomy":"product_tag","embeddable":true,"href":"https:\/\/shop.larus.ch\/fr\/wp-json\/wp\/v2\/product_tag?post=329072"}],"curies":[{"name":"wp","href":"https:\/\/api.w.org\/{rel}","templated":true}]}}