{"id":328954,"date":"2026-04-14T03:21:05","date_gmt":"2026-04-14T01:21:05","guid":{"rendered":"https:\/\/shop.larus.ch\/product\/couverture-bac-a-sable-bleu\/"},"modified":"2026-04-19T03:16:08","modified_gmt":"2026-04-19T01:16:08","slug":"couverture-bac-a-sable-bleu","status":"publish","type":"product","link":"https:\/\/shop.larus.ch\/fr\/product\/couverture-bac-a-sable-bleu\/","title":{"rendered":"Couverture bac \u00e0 sable bleu"},"content":{"rendered":"<p>Couverture pour bac \u00e0 sable en film PE tiss\u00e9 bleu, avec cordon \u00e9lastique<\/p>\n","protected":false},"excerpt":{"rendered":"<p>Couverture pour bac \u00e0 sable en film PE tiss\u00e9 bleu, avec cordon \u00e9lastique<\/p>\n","protected":false},"featured_media":328955,"template":"","meta":[],"product_cat":[59399],"product_tag":[],"_links":{"self":[{"href":"https:\/\/shop.larus.ch\/fr\/wp-json\/wp\/v2\/product\/328954"}],"collection":[{"href":"https:\/\/shop.larus.ch\/fr\/wp-json\/wp\/v2\/product"}],"about":[{"href":"https:\/\/shop.larus.ch\/fr\/wp-json\/wp\/v2\/types\/product"}],"wp:featuredmedia":[{"embeddable":true,"href":"https:\/\/shop.larus.ch\/fr\/wp-json\/wp\/v2\/media\/328955"}],"wp:attachment":[{"href":"https:\/\/shop.larus.ch\/fr\/wp-json\/wp\/v2\/media?parent=328954"}],"wp:term":[{"taxonomy":"product_cat","embeddable":true,"href":"https:\/\/shop.larus.ch\/fr\/wp-json\/wp\/v2\/product_cat?post=328954"},{"taxonomy":"product_tag","embeddable":true,"href":"https:\/\/shop.larus.ch\/fr\/wp-json\/wp\/v2\/product_tag?post=328954"}],"curies":[{"name":"wp","href":"https:\/\/api.w.org\/{rel}","templated":true}]}}