{"id":328944,"date":"2026-04-14T03:16:34","date_gmt":"2026-04-14T01:16:34","guid":{"rendered":"https:\/\/shop.larus.ch\/product\/carton-bitume-noir\/"},"modified":"2026-04-19T03:11:35","modified_gmt":"2026-04-19T01:11:35","slug":"carton-bitume-noir","status":"publish","type":"product","link":"https:\/\/shop.larus.ch\/fr\/product\/carton-bitume-noir\/","title":{"rendered":"Carton bitum\u00e9 noir"},"content":{"rendered":"<p>Couverture de toiture SBS, membrane soud\u00e9e comme deuxi\u00e8me couche de couverture<br \/>rouleau \u00e0 10m2<\/p>\n","protected":false},"excerpt":{"rendered":"<p>Couverture de toiture SBS, membrane soud\u00e9e comme deuxi\u00e8me couche de couverture<br \/>rouleau \u00e0 10m2<\/p>\n","protected":false},"featured_media":328945,"template":"","meta":[],"product_cat":[],"product_tag":[],"_links":{"self":[{"href":"https:\/\/shop.larus.ch\/fr\/wp-json\/wp\/v2\/product\/328944"}],"collection":[{"href":"https:\/\/shop.larus.ch\/fr\/wp-json\/wp\/v2\/product"}],"about":[{"href":"https:\/\/shop.larus.ch\/fr\/wp-json\/wp\/v2\/types\/product"}],"wp:featuredmedia":[{"embeddable":true,"href":"https:\/\/shop.larus.ch\/fr\/wp-json\/wp\/v2\/media\/328945"}],"wp:attachment":[{"href":"https:\/\/shop.larus.ch\/fr\/wp-json\/wp\/v2\/media?parent=328944"}],"wp:term":[{"taxonomy":"product_cat","embeddable":true,"href":"https:\/\/shop.larus.ch\/fr\/wp-json\/wp\/v2\/product_cat?post=328944"},{"taxonomy":"product_tag","embeddable":true,"href":"https:\/\/shop.larus.ch\/fr\/wp-json\/wp\/v2\/product_tag?post=328944"}],"curies":[{"name":"wp","href":"https:\/\/api.w.org\/{rel}","templated":true}]}}