{"id":328940,"date":"2026-04-14T03:16:26","date_gmt":"2026-04-14T01:16:26","guid":{"rendered":"https:\/\/shop.larus.ch\/product\/couverture-bac-a-sable-bleu\/"},"modified":"2026-04-16T03:16:37","modified_gmt":"2026-04-16T01:16:37","slug":"couverture-bac-a-sable-bleu-3","status":"publish","type":"product","link":"https:\/\/shop.larus.ch\/fr\/product\/couverture-bac-a-sable-bleu-3\/","title":{"rendered":"Couverture bac \u00e0 sable bleu"},"content":{"rendered":"<p>Couverture pour bac \u00e0 sable en film PE tiss\u00e9 bleu, avec cordon \u00e9lastique<\/p>\n","protected":false},"excerpt":{"rendered":"<p>Couverture pour bac \u00e0 sable en film PE tiss\u00e9 bleu, avec cordon \u00e9lastique<\/p>\n","protected":false},"featured_media":328941,"template":"","meta":[],"product_cat":[59399],"product_tag":[],"_links":{"self":[{"href":"https:\/\/shop.larus.ch\/fr\/wp-json\/wp\/v2\/product\/328940"}],"collection":[{"href":"https:\/\/shop.larus.ch\/fr\/wp-json\/wp\/v2\/product"}],"about":[{"href":"https:\/\/shop.larus.ch\/fr\/wp-json\/wp\/v2\/types\/product"}],"wp:featuredmedia":[{"embeddable":true,"href":"https:\/\/shop.larus.ch\/fr\/wp-json\/wp\/v2\/media\/328941"}],"wp:attachment":[{"href":"https:\/\/shop.larus.ch\/fr\/wp-json\/wp\/v2\/media?parent=328940"}],"wp:term":[{"taxonomy":"product_cat","embeddable":true,"href":"https:\/\/shop.larus.ch\/fr\/wp-json\/wp\/v2\/product_cat?post=328940"},{"taxonomy":"product_tag","embeddable":true,"href":"https:\/\/shop.larus.ch\/fr\/wp-json\/wp\/v2\/product_tag?post=328940"}],"curies":[{"name":"wp","href":"https:\/\/api.w.org\/{rel}","templated":true}]}}