{"id":328938,"date":"2026-04-14T03:16:10","date_gmt":"2026-04-14T01:16:10","guid":{"rendered":"https:\/\/shop.larus.ch\/product\/planches-rabotes-lisse\/"},"modified":"2026-04-19T03:11:11","modified_gmt":"2026-04-19T01:11:11","slug":"planches-rabotes-lisse","status":"publish","type":"product","link":"https:\/\/shop.larus.ch\/fr\/product\/planches-rabotes-lisse\/","title":{"rendered":"Planches rabot\u00e9s lisse"},"content":{"rendered":"<p>Planches en pin PEFC<br \/>impr\u00e9gn\u00e9 verd\u00e2tre, rabot\u00e9 lisse<\/p>\n","protected":false},"excerpt":{"rendered":"<p>Planches en pin PEFC<br \/>impr\u00e9gn\u00e9 verd\u00e2tre, rabot\u00e9 lisse<\/p>\n","protected":false},"featured_media":0,"template":"","meta":[],"product_cat":[59327],"product_tag":[],"_links":{"self":[{"href":"https:\/\/shop.larus.ch\/fr\/wp-json\/wp\/v2\/product\/328938"}],"collection":[{"href":"https:\/\/shop.larus.ch\/fr\/wp-json\/wp\/v2\/product"}],"about":[{"href":"https:\/\/shop.larus.ch\/fr\/wp-json\/wp\/v2\/types\/product"}],"wp:attachment":[{"href":"https:\/\/shop.larus.ch\/fr\/wp-json\/wp\/v2\/media?parent=328938"}],"wp:term":[{"taxonomy":"product_cat","embeddable":true,"href":"https:\/\/shop.larus.ch\/fr\/wp-json\/wp\/v2\/product_cat?post=328938"},{"taxonomy":"product_tag","embeddable":true,"href":"https:\/\/shop.larus.ch\/fr\/wp-json\/wp\/v2\/product_tag?post=328938"}],"curies":[{"name":"wp","href":"https:\/\/api.w.org\/{rel}","templated":true}]}}