{"id":328936,"date":"2026-04-14T03:15:29","date_gmt":"2026-04-14T01:15:29","guid":{"rendered":"https:\/\/shop.larus.ch\/product\/bois-construction-rabote\/"},"modified":"2026-04-19T03:10:30","modified_gmt":"2026-04-19T01:10:30","slug":"bois-construction-rabote","status":"publish","type":"product","link":"https:\/\/shop.larus.ch\/fr\/product\/bois-construction-rabote\/","title":{"rendered":"Bois construction rabot\u00e9"},"content":{"rendered":"<p>Bois de construction en pin PEFC<br \/>impr\u00e9gn\u00e9 verd\u00e2tre, rabot\u00e9<\/p>\n","protected":false},"excerpt":{"rendered":"<p>Bois de construction en pin PEFC<br \/>impr\u00e9gn\u00e9 verd\u00e2tre, rabot\u00e9<\/p>\n","protected":false},"featured_media":0,"template":"","meta":[],"product_cat":[59323],"product_tag":[],"_links":{"self":[{"href":"https:\/\/shop.larus.ch\/fr\/wp-json\/wp\/v2\/product\/328936"}],"collection":[{"href":"https:\/\/shop.larus.ch\/fr\/wp-json\/wp\/v2\/product"}],"about":[{"href":"https:\/\/shop.larus.ch\/fr\/wp-json\/wp\/v2\/types\/product"}],"wp:attachment":[{"href":"https:\/\/shop.larus.ch\/fr\/wp-json\/wp\/v2\/media?parent=328936"}],"wp:term":[{"taxonomy":"product_cat","embeddable":true,"href":"https:\/\/shop.larus.ch\/fr\/wp-json\/wp\/v2\/product_cat?post=328936"},{"taxonomy":"product_tag","embeddable":true,"href":"https:\/\/shop.larus.ch\/fr\/wp-json\/wp\/v2\/product_tag?post=328936"}],"curies":[{"name":"wp","href":"https:\/\/api.w.org\/{rel}","templated":true}]}}