{"id":328934,"date":"2026-04-14T03:15:15","date_gmt":"2026-04-14T01:15:15","guid":{"rendered":"https:\/\/shop.larus.ch\/product\/planches-stries\/"},"modified":"2026-04-19T03:10:15","modified_gmt":"2026-04-19T01:10:15","slug":"planches-stries","status":"publish","type":"product","link":"https:\/\/shop.larus.ch\/fr\/product\/planches-stries\/","title":{"rendered":"Planches stri\u00e9s"},"content":{"rendered":"<p>Planches en pin<br \/>impr\u00e9gn\u00e9 verd\u00e2tre, stri\u00e9<\/p>\n","protected":false},"excerpt":{"rendered":"<p>Planches en pin<br \/>impr\u00e9gn\u00e9 verd\u00e2tre, stri\u00e9<\/p>\n","protected":false},"featured_media":0,"template":"","meta":[],"product_cat":[59327],"product_tag":[],"_links":{"self":[{"href":"https:\/\/shop.larus.ch\/fr\/wp-json\/wp\/v2\/product\/328934"}],"collection":[{"href":"https:\/\/shop.larus.ch\/fr\/wp-json\/wp\/v2\/product"}],"about":[{"href":"https:\/\/shop.larus.ch\/fr\/wp-json\/wp\/v2\/types\/product"}],"wp:attachment":[{"href":"https:\/\/shop.larus.ch\/fr\/wp-json\/wp\/v2\/media?parent=328934"}],"wp:term":[{"taxonomy":"product_cat","embeddable":true,"href":"https:\/\/shop.larus.ch\/fr\/wp-json\/wp\/v2\/product_cat?post=328934"},{"taxonomy":"product_tag","embeddable":true,"href":"https:\/\/shop.larus.ch\/fr\/wp-json\/wp\/v2\/product_tag?post=328934"}],"curies":[{"name":"wp","href":"https:\/\/api.w.org\/{rel}","templated":true}]}}