{"id":328930,"date":"2026-04-14T03:11:34","date_gmt":"2026-04-14T01:11:34","guid":{"rendered":"https:\/\/shop.larus.ch\/product\/planches-rabote-lisse\/"},"modified":"2026-04-16T03:11:39","modified_gmt":"2026-04-16T01:11:39","slug":"planches-rabote-lisse-3","status":"publish","type":"product","link":"https:\/\/shop.larus.ch\/fr\/product\/planches-rabote-lisse-3\/","title":{"rendered":"Planches rabot\u00e9 lisse"},"content":{"rendered":"<p>Planches en pin<br \/>impr\u00e9gn\u00e9 verd\u00e2tre, rabot\u00e9 lisse<\/p>\n","protected":false},"excerpt":{"rendered":"<p>Planches en pin<br \/>impr\u00e9gn\u00e9 verd\u00e2tre, rabot\u00e9 lisse<\/p>\n","protected":false},"featured_media":0,"template":"","meta":[],"product_cat":[59327],"product_tag":[],"_links":{"self":[{"href":"https:\/\/shop.larus.ch\/fr\/wp-json\/wp\/v2\/product\/328930"}],"collection":[{"href":"https:\/\/shop.larus.ch\/fr\/wp-json\/wp\/v2\/product"}],"about":[{"href":"https:\/\/shop.larus.ch\/fr\/wp-json\/wp\/v2\/types\/product"}],"wp:attachment":[{"href":"https:\/\/shop.larus.ch\/fr\/wp-json\/wp\/v2\/media?parent=328930"}],"wp:term":[{"taxonomy":"product_cat","embeddable":true,"href":"https:\/\/shop.larus.ch\/fr\/wp-json\/wp\/v2\/product_cat?post=328930"},{"taxonomy":"product_tag","embeddable":true,"href":"https:\/\/shop.larus.ch\/fr\/wp-json\/wp\/v2\/product_tag?post=328930"}],"curies":[{"name":"wp","href":"https:\/\/api.w.org\/{rel}","templated":true}]}}