{"id":328910,"date":"2026-04-14T03:05:07","date_gmt":"2026-04-14T01:05:07","guid":{"rendered":"https:\/\/shop.larus.ch\/product\/planches-rabote-lisse\/"},"modified":"2026-04-16T03:05:05","modified_gmt":"2026-04-16T01:05:05","slug":"planches-rabote-lisse-2","status":"publish","type":"product","link":"https:\/\/shop.larus.ch\/fr\/product\/planches-rabote-lisse-2\/","title":{"rendered":"Planches rabot\u00e9 lisse"},"content":{"rendered":"<p>Planches en pin<br \/>impr\u00e9gn\u00e9 verd\u00e2tre, rabot\u00e9 lisse<\/p>\n","protected":false},"excerpt":{"rendered":"<p>Planches en pin<br \/>impr\u00e9gn\u00e9 verd\u00e2tre, rabot\u00e9 lisse<\/p>\n","protected":false},"featured_media":328911,"template":"","meta":[],"product_cat":[59327],"product_tag":[],"_links":{"self":[{"href":"https:\/\/shop.larus.ch\/fr\/wp-json\/wp\/v2\/product\/328910"}],"collection":[{"href":"https:\/\/shop.larus.ch\/fr\/wp-json\/wp\/v2\/product"}],"about":[{"href":"https:\/\/shop.larus.ch\/fr\/wp-json\/wp\/v2\/types\/product"}],"wp:featuredmedia":[{"embeddable":true,"href":"https:\/\/shop.larus.ch\/fr\/wp-json\/wp\/v2\/media\/328911"}],"wp:attachment":[{"href":"https:\/\/shop.larus.ch\/fr\/wp-json\/wp\/v2\/media?parent=328910"}],"wp:term":[{"taxonomy":"product_cat","embeddable":true,"href":"https:\/\/shop.larus.ch\/fr\/wp-json\/wp\/v2\/product_cat?post=328910"},{"taxonomy":"product_tag","embeddable":true,"href":"https:\/\/shop.larus.ch\/fr\/wp-json\/wp\/v2\/product_tag?post=328910"}],"curies":[{"name":"wp","href":"https:\/\/api.w.org\/{rel}","templated":true}]}}