{"id":328908,"date":"2026-04-14T03:05:06","date_gmt":"2026-04-14T01:05:06","guid":{"rendered":"https:\/\/shop.larus.ch\/product\/planches-rabote-strie\/"},"modified":"2026-04-19T03:00:05","modified_gmt":"2026-04-19T01:00:05","slug":"planches-rabote-strie","status":"publish","type":"product","link":"https:\/\/shop.larus.ch\/fr\/product\/planches-rabote-strie\/","title":{"rendered":"Planches rabot\u00e9 stri\u00e9"},"content":{"rendered":"<p>Planches<br \/>impr\u00e9gn\u00e9 verd\u00e2tre<br \/>1 c\u00f4t\u00e9 rabot\u00e9 stri\u00e9,<br \/>1 c\u00f4t\u00e9 rabot\u00e9 lisse<\/p>\n","protected":false},"excerpt":{"rendered":"<p>Planches<br \/>impr\u00e9gn\u00e9 verd\u00e2tre<br \/>1 c\u00f4t\u00e9 rabot\u00e9 stri\u00e9,<br \/>1 c\u00f4t\u00e9 rabot\u00e9 lisse<\/p>\n","protected":false},"featured_media":0,"template":"","meta":[],"product_cat":[59327],"product_tag":[],"_links":{"self":[{"href":"https:\/\/shop.larus.ch\/fr\/wp-json\/wp\/v2\/product\/328908"}],"collection":[{"href":"https:\/\/shop.larus.ch\/fr\/wp-json\/wp\/v2\/product"}],"about":[{"href":"https:\/\/shop.larus.ch\/fr\/wp-json\/wp\/v2\/types\/product"}],"wp:attachment":[{"href":"https:\/\/shop.larus.ch\/fr\/wp-json\/wp\/v2\/media?parent=328908"}],"wp:term":[{"taxonomy":"product_cat","embeddable":true,"href":"https:\/\/shop.larus.ch\/fr\/wp-json\/wp\/v2\/product_cat?post=328908"},{"taxonomy":"product_tag","embeddable":true,"href":"https:\/\/shop.larus.ch\/fr\/wp-json\/wp\/v2\/product_tag?post=328908"}],"curies":[{"name":"wp","href":"https:\/\/api.w.org\/{rel}","templated":true}]}}