{"id":328842,"date":"2026-04-02T03:00:54","date_gmt":"2026-04-02T01:00:54","guid":{"rendered":"https:\/\/shop.larus.ch\/product\/balancoire-leo\/"},"modified":"2026-04-16T03:05:53","modified_gmt":"2026-04-16T01:05:53","slug":"balancoire-leo","status":"publish","type":"product","link":"https:\/\/shop.larus.ch\/fr\/product\/balancoire-leo\/","title":{"rendered":"Balan\u00e7oire Leo"},"content":{"rendered":"<p>Balan\u00e7oire Leo<br \/>kit de montage<br \/>poteaux carr\u00e9 9&#215;9 cm, poutre pour balan\u00e7oire 9&#215;9 cm, \u00e9chelle lat\u00e9rale avec plateforme h 141 cm, 5 crochets, 2 planches de balan\u00e7oire PVC, \u00e9chelle de corde, sans ancrage<br \/>impr\u00e9gn\u00e9 verd\u00e2tre<br \/>sans toboggan <\/p>\n","protected":false},"excerpt":{"rendered":"<p>Balan\u00e7oire Leo<br \/>kit de montage<br \/>poteaux carr\u00e9 9&#215;9 cm, poutre pour balan\u00e7oire 9&#215;9 cm, \u00e9chelle lat\u00e9rale avec plateforme h 141 cm, 5 crochets, 2 planches de balan\u00e7oire PVC, \u00e9chelle de corde, sans ancrage<br \/>impr\u00e9gn\u00e9 verd\u00e2tre<br \/>sans toboggan <\/p>\n","protected":false},"featured_media":0,"template":"","meta":[],"product_cat":[59385],"product_tag":[],"_links":{"self":[{"href":"https:\/\/shop.larus.ch\/fr\/wp-json\/wp\/v2\/product\/328842"}],"collection":[{"href":"https:\/\/shop.larus.ch\/fr\/wp-json\/wp\/v2\/product"}],"about":[{"href":"https:\/\/shop.larus.ch\/fr\/wp-json\/wp\/v2\/types\/product"}],"wp:attachment":[{"href":"https:\/\/shop.larus.ch\/fr\/wp-json\/wp\/v2\/media?parent=328842"}],"wp:term":[{"taxonomy":"product_cat","embeddable":true,"href":"https:\/\/shop.larus.ch\/fr\/wp-json\/wp\/v2\/product_cat?post=328842"},{"taxonomy":"product_tag","embeddable":true,"href":"https:\/\/shop.larus.ch\/fr\/wp-json\/wp\/v2\/product_tag?post=328842"}],"curies":[{"name":"wp","href":"https:\/\/api.w.org\/{rel}","templated":true}]}}