{"id":328840,"date":"2026-04-02T03:00:09","date_gmt":"2026-04-02T01:00:09","guid":{"rendered":"https:\/\/shop.larus.ch\/product\/bac-a-sable-elsa\/"},"modified":"2026-04-19T03:00:10","modified_gmt":"2026-04-19T01:00:10","slug":"bac-a-sable-elsa","status":"publish","type":"product","link":"https:\/\/shop.larus.ch\/fr\/product\/bac-a-sable-elsa\/","title":{"rendered":"Bac \u00e0 sable Elsa"},"content":{"rendered":"<p>Bac \u00e0 sable Elsa sans couvercle<br \/>Livr\u00e9 en kit \u00e0 monter soi-m\u00eame, sans panneaux de fond<br \/>Bois de m\u00e9l\u00e8ze naturel<br \/>Panneaux de 20 mm d&#8217;\u00e9paisseur, rabot\u00e9s et chanfrein\u00e9s<\/p>\n","protected":false},"excerpt":{"rendered":"<p>Bac \u00e0 sable Elsa sans couvercle<br \/>Livr\u00e9 en kit \u00e0 monter soi-m\u00eame, sans panneaux de fond<br \/>Bois de m\u00e9l\u00e8ze naturel<br \/>Panneaux de 20 mm d&#8217;\u00e9paisseur, rabot\u00e9s et chanfrein\u00e9s<\/p>\n","protected":false},"featured_media":0,"template":"","meta":[],"product_cat":[59399],"product_tag":[],"_links":{"self":[{"href":"https:\/\/shop.larus.ch\/fr\/wp-json\/wp\/v2\/product\/328840"}],"collection":[{"href":"https:\/\/shop.larus.ch\/fr\/wp-json\/wp\/v2\/product"}],"about":[{"href":"https:\/\/shop.larus.ch\/fr\/wp-json\/wp\/v2\/types\/product"}],"wp:attachment":[{"href":"https:\/\/shop.larus.ch\/fr\/wp-json\/wp\/v2\/media?parent=328840"}],"wp:term":[{"taxonomy":"product_cat","embeddable":true,"href":"https:\/\/shop.larus.ch\/fr\/wp-json\/wp\/v2\/product_cat?post=328840"},{"taxonomy":"product_tag","embeddable":true,"href":"https:\/\/shop.larus.ch\/fr\/wp-json\/wp\/v2\/product_tag?post=328840"}],"curies":[{"name":"wp","href":"https:\/\/api.w.org\/{rel}","templated":true}]}}