{"id":328823,"date":"2026-04-01T03:11:11","date_gmt":"2026-04-01T01:11:11","guid":{"rendered":"https:\/\/shop.larus.ch\/product\/banc-kit-dauto-assemblage\/"},"modified":"2026-04-18T03:10:15","modified_gmt":"2026-04-18T01:10:15","slug":"banc-kit-dauto-assemblage-3","status":"publish","type":"product","link":"https:\/\/shop.larus.ch\/fr\/product\/banc-kit-dauto-assemblage-3\/","title":{"rendered":"Banc Kit d&#8217;auto-assemblage"},"content":{"rendered":"<p>Banc, Kit d&#8217;auto-assemblage, lattes en bois rabot\u00e9es, m\u00e9l\u00e8ze naturel, banc \u00e9l\u00e9gant, arqu\u00e9, construction en acier galvanis\u00e9 \u00e0 chaud<\/p>\n","protected":false},"excerpt":{"rendered":"<p>Banc, Kit d&#8217;auto-assemblage, lattes en bois rabot\u00e9es, m\u00e9l\u00e8ze naturel, banc \u00e9l\u00e9gant, arqu\u00e9, construction en acier galvanis\u00e9 \u00e0 chaud<\/p>\n","protected":false},"featured_media":0,"template":"","meta":[],"product_cat":[59465],"product_tag":[],"_links":{"self":[{"href":"https:\/\/shop.larus.ch\/fr\/wp-json\/wp\/v2\/product\/328823"}],"collection":[{"href":"https:\/\/shop.larus.ch\/fr\/wp-json\/wp\/v2\/product"}],"about":[{"href":"https:\/\/shop.larus.ch\/fr\/wp-json\/wp\/v2\/types\/product"}],"wp:attachment":[{"href":"https:\/\/shop.larus.ch\/fr\/wp-json\/wp\/v2\/media?parent=328823"}],"wp:term":[{"taxonomy":"product_cat","embeddable":true,"href":"https:\/\/shop.larus.ch\/fr\/wp-json\/wp\/v2\/product_cat?post=328823"},{"taxonomy":"product_tag","embeddable":true,"href":"https:\/\/shop.larus.ch\/fr\/wp-json\/wp\/v2\/product_tag?post=328823"}],"curies":[{"name":"wp","href":"https:\/\/api.w.org\/{rel}","templated":true}]}}