{"id":328806,"date":"2026-03-31T03:21:05","date_gmt":"2026-03-31T01:21:05","guid":{"rendered":"https:\/\/shop.larus.ch\/product\/porte-pour-panneau-pare-vue\/"},"modified":"2026-04-16T03:21:04","modified_gmt":"2026-04-16T01:21:04","slug":"porte-pour-panneau-pare-vue-10","status":"publish","type":"product","link":"https:\/\/shop.larus.ch\/fr\/product\/porte-pour-panneau-pare-vue-10\/","title":{"rendered":"Porte pour panneau pare-vue"},"content":{"rendered":"<p>Porte pour panneau pare-vue en m\u00e9l\u00e8ze naturel L x H<br \/>Structure en tube d&#8217;acier, rev\u00eatement avec   , ferrures galvanis\u00e9es, gonds r\u00e9glables, bandes longitudinales, serrure avec cl\u00e9,<br \/>ouverture:<br \/>sans montants<\/p>\n","protected":false},"excerpt":{"rendered":"<p>Porte pour panneau pare-vue en m\u00e9l\u00e8ze naturel L x H<br \/>Structure en tube d&#8217;acier, rev\u00eatement avec   , ferrures galvanis\u00e9es, gonds r\u00e9glables, bandes longitudinales, serrure avec cl\u00e9,<br \/>ouverture:<br \/>sans montants<\/p>\n","protected":false},"featured_media":0,"template":"","meta":[],"product_cat":[63338],"product_tag":[],"_links":{"self":[{"href":"https:\/\/shop.larus.ch\/fr\/wp-json\/wp\/v2\/product\/328806"}],"collection":[{"href":"https:\/\/shop.larus.ch\/fr\/wp-json\/wp\/v2\/product"}],"about":[{"href":"https:\/\/shop.larus.ch\/fr\/wp-json\/wp\/v2\/types\/product"}],"wp:attachment":[{"href":"https:\/\/shop.larus.ch\/fr\/wp-json\/wp\/v2\/media?parent=328806"}],"wp:term":[{"taxonomy":"product_cat","embeddable":true,"href":"https:\/\/shop.larus.ch\/fr\/wp-json\/wp\/v2\/product_cat?post=328806"},{"taxonomy":"product_tag","embeddable":true,"href":"https:\/\/shop.larus.ch\/fr\/wp-json\/wp\/v2\/product_tag?post=328806"}],"curies":[{"name":"wp","href":"https:\/\/api.w.org\/{rel}","templated":true}]}}