{"id":328796,"date":"2026-03-31T03:16:36","date_gmt":"2026-03-31T01:16:36","guid":{"rendered":"https:\/\/shop.larus.ch\/product\/328796\/"},"modified":"2026-04-16T03:16:36","modified_gmt":"2026-04-16T01:16:36","slug":"328796","status":"publish","type":"product","link":"https:\/\/shop.larus.ch\/fr\/product\/328796\/","title":{"rendered":""},"content":{"rendered":"<p>Cl\u00f4ture rustique en ch\u00e2taignier compos\u00e9 de lattes naturelles non trait\u00e9es, <br \/>biseaut\u00e9es en haut, \u00e9paisseur 5 \u00e0 6,5cm, traverses sci\u00e9es \u00e9paisseur 4\/8 cm<\/p>\n","protected":false},"excerpt":{"rendered":"<p>Cl\u00f4ture rustique en ch\u00e2taignier compos\u00e9 de lattes naturelles non trait\u00e9es, <br \/>biseaut\u00e9es en haut, \u00e9paisseur 5 \u00e0 6,5cm, traverses sci\u00e9es \u00e9paisseur 4\/8 cm<\/p>\n","protected":false},"featured_media":328797,"template":"","meta":[],"product_cat":[63340],"product_tag":[],"_links":{"self":[{"href":"https:\/\/shop.larus.ch\/fr\/wp-json\/wp\/v2\/product\/328796"}],"collection":[{"href":"https:\/\/shop.larus.ch\/fr\/wp-json\/wp\/v2\/product"}],"about":[{"href":"https:\/\/shop.larus.ch\/fr\/wp-json\/wp\/v2\/types\/product"}],"wp:featuredmedia":[{"embeddable":true,"href":"https:\/\/shop.larus.ch\/fr\/wp-json\/wp\/v2\/media\/328797"}],"wp:attachment":[{"href":"https:\/\/shop.larus.ch\/fr\/wp-json\/wp\/v2\/media?parent=328796"}],"wp:term":[{"taxonomy":"product_cat","embeddable":true,"href":"https:\/\/shop.larus.ch\/fr\/wp-json\/wp\/v2\/product_cat?post=328796"},{"taxonomy":"product_tag","embeddable":true,"href":"https:\/\/shop.larus.ch\/fr\/wp-json\/wp\/v2\/product_tag?post=328796"}],"curies":[{"name":"wp","href":"https:\/\/api.w.org\/{rel}","templated":true}]}}