{"id":328782,"date":"2026-03-31T03:11:23","date_gmt":"2026-03-31T01:11:23","guid":{"rendered":"https:\/\/shop.larus.ch\/product\/porte-pour-panneau-pare-vue\/"},"modified":"2026-04-16T03:11:25","modified_gmt":"2026-04-16T01:11:25","slug":"porte-pour-panneau-pare-vue-4","status":"publish","type":"product","link":"https:\/\/shop.larus.ch\/fr\/product\/porte-pour-panneau-pare-vue-4\/","title":{"rendered":"Porte pour panneau pare-vue"},"content":{"rendered":"<p>Porte pour panneau pare-vue <br \/>impr\u00e9gn\u00e9 brun, cadre renforc\u00e9 en bois \u00e9quarri, rev\u00eatement avec   , ferrures galvanis\u00e9es, gonds r\u00e9glables, bandes longitudinales, serrure avec cl\u00e9,<br \/>ouverture:<br \/>sans montants<\/p>\n","protected":false},"excerpt":{"rendered":"<p>Porte pour panneau pare-vue <br \/>impr\u00e9gn\u00e9 brun, cadre renforc\u00e9 en bois \u00e9quarri, rev\u00eatement avec   , ferrures galvanis\u00e9es, gonds r\u00e9glables, bandes longitudinales, serrure avec cl\u00e9,<br \/>ouverture:<br \/>sans montants<\/p>\n","protected":false},"featured_media":0,"template":"","meta":[],"product_cat":[63338],"product_tag":[],"_links":{"self":[{"href":"https:\/\/shop.larus.ch\/fr\/wp-json\/wp\/v2\/product\/328782"}],"collection":[{"href":"https:\/\/shop.larus.ch\/fr\/wp-json\/wp\/v2\/product"}],"about":[{"href":"https:\/\/shop.larus.ch\/fr\/wp-json\/wp\/v2\/types\/product"}],"wp:attachment":[{"href":"https:\/\/shop.larus.ch\/fr\/wp-json\/wp\/v2\/media?parent=328782"}],"wp:term":[{"taxonomy":"product_cat","embeddable":true,"href":"https:\/\/shop.larus.ch\/fr\/wp-json\/wp\/v2\/product_cat?post=328782"},{"taxonomy":"product_tag","embeddable":true,"href":"https:\/\/shop.larus.ch\/fr\/wp-json\/wp\/v2\/product_tag?post=328782"}],"curies":[{"name":"wp","href":"https:\/\/api.w.org\/{rel}","templated":true}]}}