{"id":328778,"date":"2026-03-31T03:11:08","date_gmt":"2026-03-31T01:11:08","guid":{"rendered":"https:\/\/shop.larus.ch\/product\/328778\/"},"modified":"2026-04-16T03:11:12","modified_gmt":"2026-04-16T01:11:12","slug":"328778","status":"publish","type":"product","link":"https:\/\/shop.larus.ch\/fr\/product\/328778\/","title":{"rendered":""},"content":{"rendered":"<p>Porte de cl\u00f4ture rustique en ch\u00e2taignier compos\u00e9 de lattes naturelles non trait\u00e9es de 5 \u00e0 6,5 cm d\u00b4\u00e9paisseur,<br \/>traverse de 4\/8 cm d\u00b4\u00e9paisseur, <br \/>livraison avec ferrures \u00e0 monter soi-m\u00eame<\/p>\n","protected":false},"excerpt":{"rendered":"<p>Porte de cl\u00f4ture rustique en ch\u00e2taignier compos\u00e9 de lattes naturelles non trait\u00e9es de 5 \u00e0 6,5 cm d\u00b4\u00e9paisseur,<br \/>traverse de 4\/8 cm d\u00b4\u00e9paisseur, <br \/>livraison avec ferrures \u00e0 monter soi-m\u00eame<\/p>\n","protected":false},"featured_media":328779,"template":"","meta":[],"product_cat":[63340],"product_tag":[],"_links":{"self":[{"href":"https:\/\/shop.larus.ch\/fr\/wp-json\/wp\/v2\/product\/328778"}],"collection":[{"href":"https:\/\/shop.larus.ch\/fr\/wp-json\/wp\/v2\/product"}],"about":[{"href":"https:\/\/shop.larus.ch\/fr\/wp-json\/wp\/v2\/types\/product"}],"wp:featuredmedia":[{"embeddable":true,"href":"https:\/\/shop.larus.ch\/fr\/wp-json\/wp\/v2\/media\/328779"}],"wp:attachment":[{"href":"https:\/\/shop.larus.ch\/fr\/wp-json\/wp\/v2\/media?parent=328778"}],"wp:term":[{"taxonomy":"product_cat","embeddable":true,"href":"https:\/\/shop.larus.ch\/fr\/wp-json\/wp\/v2\/product_cat?post=328778"},{"taxonomy":"product_tag","embeddable":true,"href":"https:\/\/shop.larus.ch\/fr\/wp-json\/wp\/v2\/product_tag?post=328778"}],"curies":[{"name":"wp","href":"https:\/\/api.w.org\/{rel}","templated":true}]}}