{"id":328747,"date":"2026-03-26T03:21:49","date_gmt":"2026-03-26T02:21:49","guid":{"rendered":"https:\/\/shop.larus.ch\/product\/poteaux-tete-ronde\/"},"modified":"2026-04-21T03:16:44","modified_gmt":"2026-04-21T01:16:44","slug":"poteaux-tete-ronde","status":"publish","type":"product","link":"https:\/\/shop.larus.ch\/fr\/product\/poteaux-tete-ronde\/","title":{"rendered":"Poteaux t\u00eate ronde"},"content":{"rendered":"<p>Poteaux carr\u00e9s avec t\u00eate ronde<br \/>rabot\u00e9 lisse<br \/>teint\u00e9 gris<\/p>\n","protected":false},"excerpt":{"rendered":"<p>Poteaux carr\u00e9s avec t\u00eate ronde<br \/>rabot\u00e9 lisse<br \/>teint\u00e9 gris<\/p>\n","protected":false},"featured_media":328748,"template":"","meta":[],"product_cat":[59277],"product_tag":[],"_links":{"self":[{"href":"https:\/\/shop.larus.ch\/fr\/wp-json\/wp\/v2\/product\/328747"}],"collection":[{"href":"https:\/\/shop.larus.ch\/fr\/wp-json\/wp\/v2\/product"}],"about":[{"href":"https:\/\/shop.larus.ch\/fr\/wp-json\/wp\/v2\/types\/product"}],"wp:featuredmedia":[{"embeddable":true,"href":"https:\/\/shop.larus.ch\/fr\/wp-json\/wp\/v2\/media\/328748"}],"wp:attachment":[{"href":"https:\/\/shop.larus.ch\/fr\/wp-json\/wp\/v2\/media?parent=328747"}],"wp:term":[{"taxonomy":"product_cat","embeddable":true,"href":"https:\/\/shop.larus.ch\/fr\/wp-json\/wp\/v2\/product_cat?post=328747"},{"taxonomy":"product_tag","embeddable":true,"href":"https:\/\/shop.larus.ch\/fr\/wp-json\/wp\/v2\/product_tag?post=328747"}],"curies":[{"name":"wp","href":"https:\/\/api.w.org\/{rel}","templated":true}]}}