{"id":328737,"date":"2026-03-26T03:17:01","date_gmt":"2026-03-26T02:17:01","guid":{"rendered":"https:\/\/shop.larus.ch\/product\/portes-tenerife\/"},"modified":"2026-04-16T03:20:06","modified_gmt":"2026-04-16T01:20:06","slug":"portes-tenerife","status":"publish","type":"product","link":"https:\/\/shop.larus.ch\/fr\/product\/portes-tenerife\/","title":{"rendered":"Portes Tenerife"},"content":{"rendered":"<p>Portes pour les cl\u00f4tures ornamentales Tenerife <br \/>impr\u00e9gn\u00e9 verd\u00e2tre<br \/>(sans ferrures)<\/p>\n","protected":false},"excerpt":{"rendered":"<p>Portes pour les cl\u00f4tures ornamentales Tenerife <br \/>impr\u00e9gn\u00e9 verd\u00e2tre<br \/>(sans ferrures)<\/p>\n","protected":false},"featured_media":328738,"template":"","meta":[],"product_cat":[59045],"product_tag":[],"_links":{"self":[{"href":"https:\/\/shop.larus.ch\/fr\/wp-json\/wp\/v2\/product\/328737"}],"collection":[{"href":"https:\/\/shop.larus.ch\/fr\/wp-json\/wp\/v2\/product"}],"about":[{"href":"https:\/\/shop.larus.ch\/fr\/wp-json\/wp\/v2\/types\/product"}],"wp:featuredmedia":[{"embeddable":true,"href":"https:\/\/shop.larus.ch\/fr\/wp-json\/wp\/v2\/media\/328738"}],"wp:attachment":[{"href":"https:\/\/shop.larus.ch\/fr\/wp-json\/wp\/v2\/media?parent=328737"}],"wp:term":[{"taxonomy":"product_cat","embeddable":true,"href":"https:\/\/shop.larus.ch\/fr\/wp-json\/wp\/v2\/product_cat?post=328737"},{"taxonomy":"product_tag","embeddable":true,"href":"https:\/\/shop.larus.ch\/fr\/wp-json\/wp\/v2\/product_tag?post=328737"}],"curies":[{"name":"wp","href":"https:\/\/api.w.org\/{rel}","templated":true}]}}