{"id":328733,"date":"2026-03-26T03:15:56","date_gmt":"2026-03-26T02:15:56","guid":{"rendered":"https:\/\/shop.larus.ch\/product\/pare-vue-variant\/"},"modified":"2026-04-19T03:10:50","modified_gmt":"2026-04-19T01:10:50","slug":"pare-vue-variant","status":"publish","type":"product","link":"https:\/\/shop.larus.ch\/fr\/product\/pare-vue-variant\/","title":{"rendered":"Pare-vue Variant"},"content":{"rendered":"<p>Pare-vue Variant<br \/>m\u00e9l\u00e8ze pr\u00e9lasur\u00e9 gris<br \/>lamelles env. 55 x 20 mm,<br \/>planches 115 x 25mm, viss\u00e9 avec vis inoxydable<\/p>\n","protected":false},"excerpt":{"rendered":"<p>Pare-vue Variant<br \/>m\u00e9l\u00e8ze pr\u00e9lasur\u00e9 gris<br \/>lamelles env. 55 x 20 mm,<br \/>planches 115 x 25mm, viss\u00e9 avec vis inoxydable<\/p>\n","protected":false},"featured_media":328734,"template":"","meta":[],"product_cat":[59869],"product_tag":[],"_links":{"self":[{"href":"https:\/\/shop.larus.ch\/fr\/wp-json\/wp\/v2\/product\/328733"}],"collection":[{"href":"https:\/\/shop.larus.ch\/fr\/wp-json\/wp\/v2\/product"}],"about":[{"href":"https:\/\/shop.larus.ch\/fr\/wp-json\/wp\/v2\/types\/product"}],"wp:featuredmedia":[{"embeddable":true,"href":"https:\/\/shop.larus.ch\/fr\/wp-json\/wp\/v2\/media\/328734"}],"wp:attachment":[{"href":"https:\/\/shop.larus.ch\/fr\/wp-json\/wp\/v2\/media?parent=328733"}],"wp:term":[{"taxonomy":"product_cat","embeddable":true,"href":"https:\/\/shop.larus.ch\/fr\/wp-json\/wp\/v2\/product_cat?post=328733"},{"taxonomy":"product_tag","embeddable":true,"href":"https:\/\/shop.larus.ch\/fr\/wp-json\/wp\/v2\/product_tag?post=328733"}],"curies":[{"name":"wp","href":"https:\/\/api.w.org\/{rel}","templated":true}]}}