{"id":328686,"date":"2026-03-24T03:05:04","date_gmt":"2026-03-24T02:05:05","guid":{"rendered":"https:\/\/shop.larus.ch\/product\/treillis-en-forme-lineaire\/"},"modified":"2026-04-16T03:07:03","modified_gmt":"2026-04-16T01:07:03","slug":"treillis-en-forme-lineaire","status":"publish","type":"product","link":"https:\/\/shop.larus.ch\/fr\/product\/treillis-en-forme-lineaire\/","title":{"rendered":"Treillis en forme lin\u00e9aire"},"content":{"rendered":"<p>Treillis en forme lin\u00e9aire<br \/>lattes 3.0\/1.5 cm, rabot\u00e9es, \u00e9cr\u00eat\u00e9 par derri\u00e8re, distance des lattes 5 cm<\/p>\n","protected":false},"excerpt":{"rendered":"<p>Treillis en forme lin\u00e9aire<br \/>lattes 3.0\/1.5 cm, rabot\u00e9es, \u00e9cr\u00eat\u00e9 par derri\u00e8re, distance des lattes 5 cm<\/p>\n","protected":false},"featured_media":328688,"template":"","meta":[],"product_cat":[58971],"product_tag":[],"_links":{"self":[{"href":"https:\/\/shop.larus.ch\/fr\/wp-json\/wp\/v2\/product\/328686"}],"collection":[{"href":"https:\/\/shop.larus.ch\/fr\/wp-json\/wp\/v2\/product"}],"about":[{"href":"https:\/\/shop.larus.ch\/fr\/wp-json\/wp\/v2\/types\/product"}],"wp:featuredmedia":[{"embeddable":true,"href":"https:\/\/shop.larus.ch\/fr\/wp-json\/wp\/v2\/media\/328688"}],"wp:attachment":[{"href":"https:\/\/shop.larus.ch\/fr\/wp-json\/wp\/v2\/media?parent=328686"}],"wp:term":[{"taxonomy":"product_cat","embeddable":true,"href":"https:\/\/shop.larus.ch\/fr\/wp-json\/wp\/v2\/product_cat?post=328686"},{"taxonomy":"product_tag","embeddable":true,"href":"https:\/\/shop.larus.ch\/fr\/wp-json\/wp\/v2\/product_tag?post=328686"}],"curies":[{"name":"wp","href":"https:\/\/api.w.org\/{rel}","templated":true}]}}