{"id":328613,"date":"2026-03-12T03:16:00","date_gmt":"2026-03-12T02:16:00","guid":{"rendered":"https:\/\/shop.larus.ch\/product\/dalles-en-bois\/"},"modified":"2026-04-16T03:20:58","modified_gmt":"2026-04-16T01:20:58","slug":"dalles-en-bois","status":"publish","type":"product","link":"https:\/\/shop.larus.ch\/fr\/product\/dalles-en-bois\/","title":{"rendered":"Dalles en bois"},"content":{"rendered":"<p>Dalles en bois PEFC<br \/>rabot\u00e9es-structur\u00e9es<br \/>impr\u00e9gn\u00e9 verd\u00e2tre<\/p>\n","protected":false},"excerpt":{"rendered":"<p>Dalles en bois PEFC<br \/>rabot\u00e9es-structur\u00e9es<br \/>impr\u00e9gn\u00e9 verd\u00e2tre<\/p>\n","protected":false},"featured_media":328707,"template":"","meta":[],"product_cat":[59317],"product_tag":[],"_links":{"self":[{"href":"https:\/\/shop.larus.ch\/fr\/wp-json\/wp\/v2\/product\/328613"}],"collection":[{"href":"https:\/\/shop.larus.ch\/fr\/wp-json\/wp\/v2\/product"}],"about":[{"href":"https:\/\/shop.larus.ch\/fr\/wp-json\/wp\/v2\/types\/product"}],"wp:featuredmedia":[{"embeddable":true,"href":"https:\/\/shop.larus.ch\/fr\/wp-json\/wp\/v2\/media\/328707"}],"wp:attachment":[{"href":"https:\/\/shop.larus.ch\/fr\/wp-json\/wp\/v2\/media?parent=328613"}],"wp:term":[{"taxonomy":"product_cat","embeddable":true,"href":"https:\/\/shop.larus.ch\/fr\/wp-json\/wp\/v2\/product_cat?post=328613"},{"taxonomy":"product_tag","embeddable":true,"href":"https:\/\/shop.larus.ch\/fr\/wp-json\/wp\/v2\/product_tag?post=328613"}],"curies":[{"name":"wp","href":"https:\/\/api.w.org\/{rel}","templated":true}]}}