{"id":328611,"date":"2026-03-12T03:15:16","date_gmt":"2026-03-12T02:15:16","guid":{"rendered":"https:\/\/shop.larus.ch\/product\/dalles-en-bois\/"},"modified":"2026-04-16T03:20:19","modified_gmt":"2026-04-16T01:20:19","slug":"dalles-en-bois-3","status":"publish","type":"product","link":"https:\/\/shop.larus.ch\/fr\/product\/dalles-en-bois-3\/","title":{"rendered":"Dalles en bois PEFC"},"content":{"rendered":"<p>Dalles en bois PEFC<br \/>rabot\u00e9es-structur\u00e9es<br \/>imrp\u00e9gn\u00e9 verd\u00e2tre<\/p>\n","protected":false},"excerpt":{"rendered":"<p>Dalles en bois PEFC<br \/>rabot\u00e9es-structur\u00e9es<br \/>imrp\u00e9gn\u00e9 verd\u00e2tre<\/p>\n","protected":false},"featured_media":328705,"template":"","meta":[],"product_cat":[59317],"product_tag":[],"_links":{"self":[{"href":"https:\/\/shop.larus.ch\/fr\/wp-json\/wp\/v2\/product\/328611"}],"collection":[{"href":"https:\/\/shop.larus.ch\/fr\/wp-json\/wp\/v2\/product"}],"about":[{"href":"https:\/\/shop.larus.ch\/fr\/wp-json\/wp\/v2\/types\/product"}],"wp:featuredmedia":[{"embeddable":true,"href":"https:\/\/shop.larus.ch\/fr\/wp-json\/wp\/v2\/media\/328705"}],"wp:attachment":[{"href":"https:\/\/shop.larus.ch\/fr\/wp-json\/wp\/v2\/media?parent=328611"}],"wp:term":[{"taxonomy":"product_cat","embeddable":true,"href":"https:\/\/shop.larus.ch\/fr\/wp-json\/wp\/v2\/product_cat?post=328611"},{"taxonomy":"product_tag","embeddable":true,"href":"https:\/\/shop.larus.ch\/fr\/wp-json\/wp\/v2\/product_tag?post=328611"}],"curies":[{"name":"wp","href":"https:\/\/api.w.org\/{rel}","templated":true}]}}