{"id":328609,"date":"2026-03-12T03:11:48","date_gmt":"2026-03-12T02:11:48","guid":{"rendered":"https:\/\/shop.larus.ch\/product\/mini-palissades\/"},"modified":"2026-04-19T03:11:41","modified_gmt":"2026-04-19T01:11:41","slug":"mini-palissades","status":"publish","type":"product","link":"https:\/\/shop.larus.ch\/fr\/product\/mini-palissades\/","title":{"rendered":"Mini palissades"},"content":{"rendered":"<p>Mini palissades<br \/>impr\u00e9gn\u00e9 verd\u00e2tre, appoint\u00e9es<\/p>\n","protected":false},"excerpt":{"rendered":"<p>Mini palissades<br \/>impr\u00e9gn\u00e9 verd\u00e2tre, appoint\u00e9es<\/p>\n","protected":false},"featured_media":328703,"template":"","meta":[],"product_cat":[59363],"product_tag":[],"_links":{"self":[{"href":"https:\/\/shop.larus.ch\/fr\/wp-json\/wp\/v2\/product\/328609"}],"collection":[{"href":"https:\/\/shop.larus.ch\/fr\/wp-json\/wp\/v2\/product"}],"about":[{"href":"https:\/\/shop.larus.ch\/fr\/wp-json\/wp\/v2\/types\/product"}],"wp:featuredmedia":[{"embeddable":true,"href":"https:\/\/shop.larus.ch\/fr\/wp-json\/wp\/v2\/media\/328703"}],"wp:attachment":[{"href":"https:\/\/shop.larus.ch\/fr\/wp-json\/wp\/v2\/media?parent=328609"}],"wp:term":[{"taxonomy":"product_cat","embeddable":true,"href":"https:\/\/shop.larus.ch\/fr\/wp-json\/wp\/v2\/product_cat?post=328609"},{"taxonomy":"product_tag","embeddable":true,"href":"https:\/\/shop.larus.ch\/fr\/wp-json\/wp\/v2\/product_tag?post=328609"}],"curies":[{"name":"wp","href":"https:\/\/api.w.org\/{rel}","templated":true}]}}