{"id":328607,"date":"2026-03-12T03:10:30","date_gmt":"2026-03-12T02:10:30","guid":{"rendered":"https:\/\/shop.larus.ch\/product\/poteaux-carres\/"},"modified":"2026-04-19T03:10:23","modified_gmt":"2026-04-19T01:10:23","slug":"poteaux-carres","status":"publish","type":"product","link":"https:\/\/shop.larus.ch\/fr\/product\/poteaux-carres\/","title":{"rendered":"Poteaux carr\u00e9s"},"content":{"rendered":"<p>Poteaux carr\u00e9s PEFC<br \/>impr\u00e9gn\u00e9 verd\u00e2tre, <br \/>rabot\u00e9s lisses, chanfrein\u00e9s. appoint\u00e9s <\/p>\n","protected":false},"excerpt":{"rendered":"<p>Poteaux carr\u00e9s PEFC<br \/>impr\u00e9gn\u00e9 verd\u00e2tre, <br \/>rabot\u00e9s lisses, chanfrein\u00e9s. appoint\u00e9s <\/p>\n","protected":false},"featured_media":328701,"template":"","meta":[],"product_cat":[59287],"product_tag":[],"_links":{"self":[{"href":"https:\/\/shop.larus.ch\/fr\/wp-json\/wp\/v2\/product\/328607"}],"collection":[{"href":"https:\/\/shop.larus.ch\/fr\/wp-json\/wp\/v2\/product"}],"about":[{"href":"https:\/\/shop.larus.ch\/fr\/wp-json\/wp\/v2\/types\/product"}],"wp:featuredmedia":[{"embeddable":true,"href":"https:\/\/shop.larus.ch\/fr\/wp-json\/wp\/v2\/media\/328701"}],"wp:attachment":[{"href":"https:\/\/shop.larus.ch\/fr\/wp-json\/wp\/v2\/media?parent=328607"}],"wp:term":[{"taxonomy":"product_cat","embeddable":true,"href":"https:\/\/shop.larus.ch\/fr\/wp-json\/wp\/v2\/product_cat?post=328607"},{"taxonomy":"product_tag","embeddable":true,"href":"https:\/\/shop.larus.ch\/fr\/wp-json\/wp\/v2\/product_tag?post=328607"}],"curies":[{"name":"wp","href":"https:\/\/api.w.org\/{rel}","templated":true}]}}