{"id":328603,"date":"2026-03-12T03:06:03","date_gmt":"2026-03-12T02:06:03","guid":{"rendered":"https:\/\/shop.larus.ch\/product\/bois-construction-rabote\/"},"modified":"2026-04-19T03:05:57","modified_gmt":"2026-04-19T01:05:57","slug":"bois-construction-rabote-2","status":"publish","type":"product","link":"https:\/\/shop.larus.ch\/fr\/product\/bois-construction-rabote-2\/","title":{"rendered":"Bois construction rabot\u00e9"},"content":{"rendered":"<p>Bois de construction en pin vert PEFC<br \/>impr\u00e9gn\u00e9 verd\u00e2tre, rabot\u00e9<\/p>\n","protected":false},"excerpt":{"rendered":"<p>Bois de construction en pin vert PEFC<br \/>impr\u00e9gn\u00e9 verd\u00e2tre, rabot\u00e9<\/p>\n","protected":false},"featured_media":328691,"template":"","meta":[],"product_cat":[59323],"product_tag":[],"_links":{"self":[{"href":"https:\/\/shop.larus.ch\/fr\/wp-json\/wp\/v2\/product\/328603"}],"collection":[{"href":"https:\/\/shop.larus.ch\/fr\/wp-json\/wp\/v2\/product"}],"about":[{"href":"https:\/\/shop.larus.ch\/fr\/wp-json\/wp\/v2\/types\/product"}],"wp:featuredmedia":[{"embeddable":true,"href":"https:\/\/shop.larus.ch\/fr\/wp-json\/wp\/v2\/media\/328691"}],"wp:attachment":[{"href":"https:\/\/shop.larus.ch\/fr\/wp-json\/wp\/v2\/media?parent=328603"}],"wp:term":[{"taxonomy":"product_cat","embeddable":true,"href":"https:\/\/shop.larus.ch\/fr\/wp-json\/wp\/v2\/product_cat?post=328603"},{"taxonomy":"product_tag","embeddable":true,"href":"https:\/\/shop.larus.ch\/fr\/wp-json\/wp\/v2\/product_tag?post=328603"}],"curies":[{"name":"wp","href":"https:\/\/api.w.org\/{rel}","templated":true}]}}