{"id":328601,"date":"2026-03-12T03:05:08","date_gmt":"2026-03-12T02:05:08","guid":{"rendered":"https:\/\/shop.larus.ch\/product\/bois-construction-scie\/"},"modified":"2026-04-19T03:02:05","modified_gmt":"2026-04-19T01:02:05","slug":"bois-construction-scie","status":"publish","type":"product","link":"https:\/\/shop.larus.ch\/fr\/product\/bois-construction-scie\/","title":{"rendered":"Bois construction sci\u00e9"},"content":{"rendered":"<p>Bois de construction en pin<br \/>impr\u00e9gn\u00e9 verd\u00e2tre, sci\u00e9<\/p>\n","protected":false},"excerpt":{"rendered":"<p>Bois de construction en pin<br \/>impr\u00e9gn\u00e9 verd\u00e2tre, sci\u00e9<\/p>\n","protected":false},"featured_media":328689,"template":"","meta":[],"product_cat":[59323],"product_tag":[],"_links":{"self":[{"href":"https:\/\/shop.larus.ch\/fr\/wp-json\/wp\/v2\/product\/328601"}],"collection":[{"href":"https:\/\/shop.larus.ch\/fr\/wp-json\/wp\/v2\/product"}],"about":[{"href":"https:\/\/shop.larus.ch\/fr\/wp-json\/wp\/v2\/types\/product"}],"wp:featuredmedia":[{"embeddable":true,"href":"https:\/\/shop.larus.ch\/fr\/wp-json\/wp\/v2\/media\/328689"}],"wp:attachment":[{"href":"https:\/\/shop.larus.ch\/fr\/wp-json\/wp\/v2\/media?parent=328601"}],"wp:term":[{"taxonomy":"product_cat","embeddable":true,"href":"https:\/\/shop.larus.ch\/fr\/wp-json\/wp\/v2\/product_cat?post=328601"},{"taxonomy":"product_tag","embeddable":true,"href":"https:\/\/shop.larus.ch\/fr\/wp-json\/wp\/v2\/product_tag?post=328601"}],"curies":[{"name":"wp","href":"https:\/\/api.w.org\/{rel}","templated":true}]}}