{"id":328599,"date":"2026-03-12T03:01:52","date_gmt":"2026-03-12T02:01:52","guid":{"rendered":"https:\/\/shop.larus.ch\/product\/poteaux-carres\/"},"modified":"2026-04-19T03:01:49","modified_gmt":"2026-04-19T01:01:49","slug":"poteaux-carres-2","status":"publish","type":"product","link":"https:\/\/shop.larus.ch\/fr\/product\/poteaux-carres-2\/","title":{"rendered":"Poteaux carr\u00e9s"},"content":{"rendered":"<p>Poteaux carr\u00e9s PEFC<br \/>impr\u00e9gn\u00e9 verd\u00e2tre, <br \/>rabot\u00e9s lisses, chanfrein\u00e9s. appoint\u00e9s <\/p>\n","protected":false},"excerpt":{"rendered":"<p>Poteaux carr\u00e9s PEFC<br \/>impr\u00e9gn\u00e9 verd\u00e2tre, <br \/>rabot\u00e9s lisses, chanfrein\u00e9s. appoint\u00e9s <\/p>\n","protected":false},"featured_media":328683,"template":"","meta":[],"product_cat":[59287],"product_tag":[],"_links":{"self":[{"href":"https:\/\/shop.larus.ch\/fr\/wp-json\/wp\/v2\/product\/328599"}],"collection":[{"href":"https:\/\/shop.larus.ch\/fr\/wp-json\/wp\/v2\/product"}],"about":[{"href":"https:\/\/shop.larus.ch\/fr\/wp-json\/wp\/v2\/types\/product"}],"wp:featuredmedia":[{"embeddable":true,"href":"https:\/\/shop.larus.ch\/fr\/wp-json\/wp\/v2\/media\/328683"}],"wp:attachment":[{"href":"https:\/\/shop.larus.ch\/fr\/wp-json\/wp\/v2\/media?parent=328599"}],"wp:term":[{"taxonomy":"product_cat","embeddable":true,"href":"https:\/\/shop.larus.ch\/fr\/wp-json\/wp\/v2\/product_cat?post=328599"},{"taxonomy":"product_tag","embeddable":true,"href":"https:\/\/shop.larus.ch\/fr\/wp-json\/wp\/v2\/product_tag?post=328599"}],"curies":[{"name":"wp","href":"https:\/\/api.w.org\/{rel}","templated":true}]}}