{"id":328585,"date":"2026-03-07T03:15:50","date_gmt":"2026-03-07T02:15:50","guid":{"rendered":"https:\/\/shop.larus.ch\/product\/plancher\/"},"modified":"2026-04-19T03:15:42","modified_gmt":"2026-04-19T01:15:42","slug":"plancher","status":"publish","type":"product","link":"https:\/\/shop.larus.ch\/fr\/product\/plancher\/","title":{"rendered":"Plancher"},"content":{"rendered":"<p>Plancher PEFC<br \/>impr\u00e9gn\u00e9 verd\u00e2tre<br \/>un c\u00f4te rabot\u00e9 stri\u00e9<br \/>un c\u00f4te rainures antid\u00e9rapantes<\/p>\n","protected":false},"excerpt":{"rendered":"<p>Plancher PEFC<br \/>impr\u00e9gn\u00e9 verd\u00e2tre<br \/>un c\u00f4te rabot\u00e9 stri\u00e9<br \/>un c\u00f4te rainures antid\u00e9rapantes<\/p>\n","protected":false},"featured_media":328650,"template":"","meta":[],"product_cat":[59305],"product_tag":[],"_links":{"self":[{"href":"https:\/\/shop.larus.ch\/fr\/wp-json\/wp\/v2\/product\/328585"}],"collection":[{"href":"https:\/\/shop.larus.ch\/fr\/wp-json\/wp\/v2\/product"}],"about":[{"href":"https:\/\/shop.larus.ch\/fr\/wp-json\/wp\/v2\/types\/product"}],"wp:featuredmedia":[{"embeddable":true,"href":"https:\/\/shop.larus.ch\/fr\/wp-json\/wp\/v2\/media\/328650"}],"wp:attachment":[{"href":"https:\/\/shop.larus.ch\/fr\/wp-json\/wp\/v2\/media?parent=328585"}],"wp:term":[{"taxonomy":"product_cat","embeddable":true,"href":"https:\/\/shop.larus.ch\/fr\/wp-json\/wp\/v2\/product_cat?post=328585"},{"taxonomy":"product_tag","embeddable":true,"href":"https:\/\/shop.larus.ch\/fr\/wp-json\/wp\/v2\/product_tag?post=328585"}],"curies":[{"name":"wp","href":"https:\/\/api.w.org\/{rel}","templated":true}]}}