{"id":328575,"date":"2026-03-07T03:05:51","date_gmt":"2026-03-07T02:05:51","guid":{"rendered":"https:\/\/shop.larus.ch\/product\/bac-a-fleurs-dahlia\/"},"modified":"2026-04-16T03:10:53","modified_gmt":"2026-04-16T01:10:53","slug":"bac-a-fleurs-dahlia","status":"publish","type":"product","link":"https:\/\/shop.larus.ch\/fr\/product\/bac-a-fleurs-dahlia\/","title":{"rendered":"Bac \u00e0 fleurs Dahlia"},"content":{"rendered":"<p>Bac \u00e0 fleurs Dahlia<br \/>bois \u00e9quarris 35\/55 mm, rabot\u00e9, ar\u00eates chanfrein\u00e9es<br \/>pr\u00eate \u00e0 monter avec le fond<br \/>incl. insert en tissu<\/p>\n","protected":false},"excerpt":{"rendered":"<p>Bac \u00e0 fleurs Dahlia<br \/>bois \u00e9quarris 35\/55 mm, rabot\u00e9, ar\u00eates chanfrein\u00e9es<br \/>pr\u00eate \u00e0 monter avec le fond<br \/>incl. insert en tissu<\/p>\n","protected":false},"featured_media":328646,"template":"","meta":[],"product_cat":[59419],"product_tag":[],"_links":{"self":[{"href":"https:\/\/shop.larus.ch\/fr\/wp-json\/wp\/v2\/product\/328575"}],"collection":[{"href":"https:\/\/shop.larus.ch\/fr\/wp-json\/wp\/v2\/product"}],"about":[{"href":"https:\/\/shop.larus.ch\/fr\/wp-json\/wp\/v2\/types\/product"}],"wp:featuredmedia":[{"embeddable":true,"href":"https:\/\/shop.larus.ch\/fr\/wp-json\/wp\/v2\/media\/328646"}],"wp:attachment":[{"href":"https:\/\/shop.larus.ch\/fr\/wp-json\/wp\/v2\/media?parent=328575"}],"wp:term":[{"taxonomy":"product_cat","embeddable":true,"href":"https:\/\/shop.larus.ch\/fr\/wp-json\/wp\/v2\/product_cat?post=328575"},{"taxonomy":"product_tag","embeddable":true,"href":"https:\/\/shop.larus.ch\/fr\/wp-json\/wp\/v2\/product_tag?post=328575"}],"curies":[{"name":"wp","href":"https:\/\/api.w.org\/{rel}","templated":true}]}}