{"id":328562,"date":"2026-03-06T03:16:19","date_gmt":"2026-03-06T02:16:19","guid":{"rendered":"https:\/\/shop.larus.ch\/product\/panneau-pare-vue-paros\/"},"modified":"2026-04-19T03:15:58","modified_gmt":"2026-04-19T01:15:58","slug":"panneau-pare-vue-paros","status":"publish","type":"product","link":"https:\/\/shop.larus.ch\/fr\/product\/panneau-pare-vue-paros\/","title":{"rendered":"Panneau pare-vue Paros"},"content":{"rendered":"<p>Panneau pare-vue Paros<br \/>\u00e9pic\u00e9a commun impr\u00e9gn\u00e9 verd\u00e2tre<br \/>cadre environnant, lattes horizontales<\/p>\n","protected":false},"excerpt":{"rendered":"<p>Panneau pare-vue Paros<br \/>\u00e9pic\u00e9a commun impr\u00e9gn\u00e9 verd\u00e2tre<br \/>cadre environnant, lattes horizontales<\/p>\n","protected":false},"featured_media":329030,"template":"","meta":[],"product_cat":[63306],"product_tag":[],"_links":{"self":[{"href":"https:\/\/shop.larus.ch\/fr\/wp-json\/wp\/v2\/product\/328562"}],"collection":[{"href":"https:\/\/shop.larus.ch\/fr\/wp-json\/wp\/v2\/product"}],"about":[{"href":"https:\/\/shop.larus.ch\/fr\/wp-json\/wp\/v2\/types\/product"}],"wp:featuredmedia":[{"embeddable":true,"href":"https:\/\/shop.larus.ch\/fr\/wp-json\/wp\/v2\/media\/329030"}],"wp:attachment":[{"href":"https:\/\/shop.larus.ch\/fr\/wp-json\/wp\/v2\/media?parent=328562"}],"wp:term":[{"taxonomy":"product_cat","embeddable":true,"href":"https:\/\/shop.larus.ch\/fr\/wp-json\/wp\/v2\/product_cat?post=328562"},{"taxonomy":"product_tag","embeddable":true,"href":"https:\/\/shop.larus.ch\/fr\/wp-json\/wp\/v2\/product_tag?post=328562"}],"curies":[{"name":"wp","href":"https:\/\/api.w.org\/{rel}","templated":true}]}}