{"id":328560,"date":"2026-03-06T03:12:04","date_gmt":"2026-03-06T02:12:04","guid":{"rendered":"https:\/\/shop.larus.ch\/product\/treillis-en-forme-trapeze\/"},"modified":"2026-04-16T03:16:54","modified_gmt":"2026-04-16T01:16:54","slug":"treillis-en-forme-trapeze","status":"publish","type":"product","link":"https:\/\/shop.larus.ch\/fr\/product\/treillis-en-forme-trapeze\/","title":{"rendered":"Treillis en forme trap\u00e8ze"},"content":{"rendered":"<p>Treillis en forme trap\u00e8ze PEFC<br \/>lattes 3.0\/1.5 cm, rabot\u00e9es, \u00e9cr\u00eat\u00e9 par derri\u00e8re, distance des lattes 5-20 cm<\/p>\n","protected":false},"excerpt":{"rendered":"<p>Treillis en forme trap\u00e8ze PEFC<br \/>lattes 3.0\/1.5 cm, rabot\u00e9es, \u00e9cr\u00eat\u00e9 par derri\u00e8re, distance des lattes 5-20 cm<\/p>\n","protected":false},"featured_media":328648,"template":"","meta":[],"product_cat":[58967],"product_tag":[],"_links":{"self":[{"href":"https:\/\/shop.larus.ch\/fr\/wp-json\/wp\/v2\/product\/328560"}],"collection":[{"href":"https:\/\/shop.larus.ch\/fr\/wp-json\/wp\/v2\/product"}],"about":[{"href":"https:\/\/shop.larus.ch\/fr\/wp-json\/wp\/v2\/types\/product"}],"wp:featuredmedia":[{"embeddable":true,"href":"https:\/\/shop.larus.ch\/fr\/wp-json\/wp\/v2\/media\/328648"}],"wp:attachment":[{"href":"https:\/\/shop.larus.ch\/fr\/wp-json\/wp\/v2\/media?parent=328560"}],"wp:term":[{"taxonomy":"product_cat","embeddable":true,"href":"https:\/\/shop.larus.ch\/fr\/wp-json\/wp\/v2\/product_cat?post=328560"},{"taxonomy":"product_tag","embeddable":true,"href":"https:\/\/shop.larus.ch\/fr\/wp-json\/wp\/v2\/product_tag?post=328560"}],"curies":[{"name":"wp","href":"https:\/\/api.w.org\/{rel}","templated":true}]}}