{"id":328558,"date":"2026-03-06T03:06:37","date_gmt":"2026-03-06T02:06:37","guid":{"rendered":"https:\/\/shop.larus.ch\/product\/composteur-rotatif-galvanise\/"},"modified":"2026-04-19T03:06:23","modified_gmt":"2026-04-19T01:06:23","slug":"composteur-rotatif-galvanise","status":"publish","type":"product","link":"https:\/\/shop.larus.ch\/fr\/product\/composteur-rotatif-galvanise\/","title":{"rendered":"Composteur rotatif galvanis\u00e9"},"content":{"rendered":"<p>Composteur rotatif galvanis\u00e9   diam\u00e8tre max. 86 cm, fil de fer galvanis\u00e9<\/p>\n","protected":false},"excerpt":{"rendered":"<p>Composteur rotatif galvanis\u00e9   diam\u00e8tre max. 86 cm, fil de fer galvanis\u00e9<\/p>\n","protected":false},"featured_media":328693,"template":"","meta":[],"product_cat":[59447],"product_tag":[],"_links":{"self":[{"href":"https:\/\/shop.larus.ch\/fr\/wp-json\/wp\/v2\/product\/328558"}],"collection":[{"href":"https:\/\/shop.larus.ch\/fr\/wp-json\/wp\/v2\/product"}],"about":[{"href":"https:\/\/shop.larus.ch\/fr\/wp-json\/wp\/v2\/types\/product"}],"wp:featuredmedia":[{"embeddable":true,"href":"https:\/\/shop.larus.ch\/fr\/wp-json\/wp\/v2\/media\/328693"}],"wp:attachment":[{"href":"https:\/\/shop.larus.ch\/fr\/wp-json\/wp\/v2\/media?parent=328558"}],"wp:term":[{"taxonomy":"product_cat","embeddable":true,"href":"https:\/\/shop.larus.ch\/fr\/wp-json\/wp\/v2\/product_cat?post=328558"},{"taxonomy":"product_tag","embeddable":true,"href":"https:\/\/shop.larus.ch\/fr\/wp-json\/wp\/v2\/product_tag?post=328558"}],"curies":[{"name":"wp","href":"https:\/\/api.w.org\/{rel}","templated":true}]}}