{"id":328556,"date":"2026-03-06T03:01:29","date_gmt":"2026-03-06T02:01:29","guid":{"rendered":"https:\/\/shop.larus.ch\/product\/seuil-scie\/"},"modified":"2026-04-16T03:06:24","modified_gmt":"2026-04-16T01:06:24","slug":"seuil-scie","status":"publish","type":"product","link":"https:\/\/shop.larus.ch\/fr\/product\/seuil-scie\/","title":{"rendered":"Seuil sci\u00e9"},"content":{"rendered":"<p>Traverses en pin PEFC<br \/>impr\u00e9gn\u00e9 verd\u00e2tre, sci\u00e9<\/p>\n","protected":false},"excerpt":{"rendered":"<p>Traverses en pin PEFC<br \/>impr\u00e9gn\u00e9 verd\u00e2tre, sci\u00e9<\/p>\n","protected":false},"featured_media":328673,"template":"","meta":[],"product_cat":[59329],"product_tag":[],"_links":{"self":[{"href":"https:\/\/shop.larus.ch\/fr\/wp-json\/wp\/v2\/product\/328556"}],"collection":[{"href":"https:\/\/shop.larus.ch\/fr\/wp-json\/wp\/v2\/product"}],"about":[{"href":"https:\/\/shop.larus.ch\/fr\/wp-json\/wp\/v2\/types\/product"}],"wp:featuredmedia":[{"embeddable":true,"href":"https:\/\/shop.larus.ch\/fr\/wp-json\/wp\/v2\/media\/328673"}],"wp:attachment":[{"href":"https:\/\/shop.larus.ch\/fr\/wp-json\/wp\/v2\/media?parent=328556"}],"wp:term":[{"taxonomy":"product_cat","embeddable":true,"href":"https:\/\/shop.larus.ch\/fr\/wp-json\/wp\/v2\/product_cat?post=328556"},{"taxonomy":"product_tag","embeddable":true,"href":"https:\/\/shop.larus.ch\/fr\/wp-json\/wp\/v2\/product_tag?post=328556"}],"curies":[{"name":"wp","href":"https:\/\/api.w.org\/{rel}","templated":true}]}}