{"id":328554,"date":"2026-03-06T03:00:57","date_gmt":"2026-03-06T02:00:57","guid":{"rendered":"https:\/\/shop.larus.ch\/product\/seuils-scie\/"},"modified":"2026-04-16T03:05:54","modified_gmt":"2026-04-16T01:05:54","slug":"seuils-scie","status":"publish","type":"product","link":"https:\/\/shop.larus.ch\/fr\/product\/seuils-scie\/","title":{"rendered":"Seuils sci\u00e9"},"content":{"rendered":"<p>Traverses en pin<br \/>impr\u00e9gn\u00e9 verd\u00e2tre, sci\u00e9<\/p>\n","protected":false},"excerpt":{"rendered":"<p>Traverses en pin<br \/>impr\u00e9gn\u00e9 verd\u00e2tre, sci\u00e9<\/p>\n","protected":false},"featured_media":328671,"template":"","meta":[],"product_cat":[59329],"product_tag":[],"_links":{"self":[{"href":"https:\/\/shop.larus.ch\/fr\/wp-json\/wp\/v2\/product\/328554"}],"collection":[{"href":"https:\/\/shop.larus.ch\/fr\/wp-json\/wp\/v2\/product"}],"about":[{"href":"https:\/\/shop.larus.ch\/fr\/wp-json\/wp\/v2\/types\/product"}],"wp:featuredmedia":[{"embeddable":true,"href":"https:\/\/shop.larus.ch\/fr\/wp-json\/wp\/v2\/media\/328671"}],"wp:attachment":[{"href":"https:\/\/shop.larus.ch\/fr\/wp-json\/wp\/v2\/media?parent=328554"}],"wp:term":[{"taxonomy":"product_cat","embeddable":true,"href":"https:\/\/shop.larus.ch\/fr\/wp-json\/wp\/v2\/product_cat?post=328554"},{"taxonomy":"product_tag","embeddable":true,"href":"https:\/\/shop.larus.ch\/fr\/wp-json\/wp\/v2\/product_tag?post=328554"}],"curies":[{"name":"wp","href":"https:\/\/api.w.org\/{rel}","templated":true}]}}