{"id":328552,"date":"2026-03-06T03:00:41","date_gmt":"2026-03-06T02:00:41","guid":{"rendered":"https:\/\/shop.larus.ch\/product\/bordure-ronde\/"},"modified":"2026-04-19T03:00:40","modified_gmt":"2026-04-19T01:00:40","slug":"bordure-ronde","status":"publish","type":"product","link":"https:\/\/shop.larus.ch\/fr\/product\/bordure-ronde\/","title":{"rendered":"Bordure ronde"},"content":{"rendered":"<p>Bordure ronde PEFC<br \/>impr\u00e9gn\u00e9 verd\u00e2tre, pointu<\/p>\n","protected":false},"excerpt":{"rendered":"<p>Bordure ronde PEFC<br \/>impr\u00e9gn\u00e9 verd\u00e2tre, pointu<\/p>\n","protected":false},"featured_media":328667,"template":"","meta":[],"product_cat":[59365],"product_tag":[],"_links":{"self":[{"href":"https:\/\/shop.larus.ch\/fr\/wp-json\/wp\/v2\/product\/328552"}],"collection":[{"href":"https:\/\/shop.larus.ch\/fr\/wp-json\/wp\/v2\/product"}],"about":[{"href":"https:\/\/shop.larus.ch\/fr\/wp-json\/wp\/v2\/types\/product"}],"wp:featuredmedia":[{"embeddable":true,"href":"https:\/\/shop.larus.ch\/fr\/wp-json\/wp\/v2\/media\/328667"}],"wp:attachment":[{"href":"https:\/\/shop.larus.ch\/fr\/wp-json\/wp\/v2\/media?parent=328552"}],"wp:term":[{"taxonomy":"product_cat","embeddable":true,"href":"https:\/\/shop.larus.ch\/fr\/wp-json\/wp\/v2\/product_cat?post=328552"},{"taxonomy":"product_tag","embeddable":true,"href":"https:\/\/shop.larus.ch\/fr\/wp-json\/wp\/v2\/product_tag?post=328552"}],"curies":[{"name":"wp","href":"https:\/\/api.w.org\/{rel}","templated":true}]}}