{"id":327734,"date":"2025-06-04T03:11:42","date_gmt":"2025-06-04T01:11:42","guid":{"rendered":"https:\/\/shop.larus.ch\/product\/bordure-demi-ronde-pas-roulee\/"},"modified":"2026-04-19T03:20:05","modified_gmt":"2026-04-19T01:20:05","slug":"bordure-demi-ronde-pas-roulee","status":"publish","type":"product","link":"https:\/\/shop.larus.ch\/fr\/product\/bordure-demi-ronde-pas-roulee\/","title":{"rendered":"Bordure demi-ronde pas roul\u00e9e"},"content":{"rendered":"<p>Bordure demi-ronde roul\u00e9e<br \/>impr\u00e9gn\u00e9 verd\u00e2tre, palissades chanfrein\u00e9es en haut<br \/>reli\u00e9s par deux fils et des agrafes<\/p>\n","protected":false},"excerpt":{"rendered":"<p>Bordure demi-ronde roul\u00e9e<br \/>impr\u00e9gn\u00e9 verd\u00e2tre, palissades chanfrein\u00e9es en haut<br \/>reli\u00e9s par deux fils et des agrafes<\/p>\n","protected":false},"featured_media":327987,"template":"","meta":[],"product_cat":[59361],"product_tag":[],"_links":{"self":[{"href":"https:\/\/shop.larus.ch\/fr\/wp-json\/wp\/v2\/product\/327734"}],"collection":[{"href":"https:\/\/shop.larus.ch\/fr\/wp-json\/wp\/v2\/product"}],"about":[{"href":"https:\/\/shop.larus.ch\/fr\/wp-json\/wp\/v2\/types\/product"}],"wp:featuredmedia":[{"embeddable":true,"href":"https:\/\/shop.larus.ch\/fr\/wp-json\/wp\/v2\/media\/327987"}],"wp:attachment":[{"href":"https:\/\/shop.larus.ch\/fr\/wp-json\/wp\/v2\/media?parent=327734"}],"wp:term":[{"taxonomy":"product_cat","embeddable":true,"href":"https:\/\/shop.larus.ch\/fr\/wp-json\/wp\/v2\/product_cat?post=327734"},{"taxonomy":"product_tag","embeddable":true,"href":"https:\/\/shop.larus.ch\/fr\/wp-json\/wp\/v2\/product_tag?post=327734"}],"curies":[{"name":"wp","href":"https:\/\/api.w.org\/{rel}","templated":true}]}}