{"id":327730,"date":"2025-06-04T03:11:07","date_gmt":"2025-06-04T01:11:07","guid":{"rendered":"https:\/\/shop.larus.ch\/product\/bac-a-fleurs-calla\/"},"modified":"2026-04-19T03:16:11","modified_gmt":"2026-04-19T01:16:11","slug":"bac-a-fleurs-calla","status":"publish","type":"product","link":"https:\/\/shop.larus.ch\/fr\/product\/bac-a-fleurs-calla\/","title":{"rendered":"Bac \u00e0 fleurs Calla"},"content":{"rendered":"<p>Bac \u00e0 fleurs Calla<br \/>planches 20 mm, bois carr\u00e9s 45\/45 mm, rabot\u00e9, ar\u00eates chanfrein\u00e9es<br \/>pr\u00eate \u00e0 monter<br \/>incl. insert en tissu<\/p>\n","protected":false},"excerpt":{"rendered":"<p>Bac \u00e0 fleurs Calla<br \/>planches 20 mm, bois carr\u00e9s 45\/45 mm, rabot\u00e9, ar\u00eates chanfrein\u00e9es<br \/>pr\u00eate \u00e0 monter<br \/>incl. insert en tissu<\/p>\n","protected":false},"featured_media":327985,"template":"","meta":[],"product_cat":[59417],"product_tag":[],"_links":{"self":[{"href":"https:\/\/shop.larus.ch\/fr\/wp-json\/wp\/v2\/product\/327730"}],"collection":[{"href":"https:\/\/shop.larus.ch\/fr\/wp-json\/wp\/v2\/product"}],"about":[{"href":"https:\/\/shop.larus.ch\/fr\/wp-json\/wp\/v2\/types\/product"}],"wp:featuredmedia":[{"embeddable":true,"href":"https:\/\/shop.larus.ch\/fr\/wp-json\/wp\/v2\/media\/327985"}],"wp:attachment":[{"href":"https:\/\/shop.larus.ch\/fr\/wp-json\/wp\/v2\/media?parent=327730"}],"wp:term":[{"taxonomy":"product_cat","embeddable":true,"href":"https:\/\/shop.larus.ch\/fr\/wp-json\/wp\/v2\/product_cat?post=327730"},{"taxonomy":"product_tag","embeddable":true,"href":"https:\/\/shop.larus.ch\/fr\/wp-json\/wp\/v2\/product_tag?post=327730"}],"curies":[{"name":"wp","href":"https:\/\/api.w.org\/{rel}","templated":true}]}}