{"id":327728,"date":"2025-06-04T03:10:56","date_gmt":"2025-06-04T01:10:56","guid":{"rendered":"https:\/\/shop.larus.ch\/product\/seuil-scie\/"},"modified":"2026-04-16T03:21:05","modified_gmt":"2026-04-16T01:21:05","slug":"seuil-scie-5","status":"publish","type":"product","link":"https:\/\/shop.larus.ch\/fr\/product\/seuil-scie-5\/","title":{"rendered":"Seuil sci\u00e9"},"content":{"rendered":"<p>Traverses en pin<br \/>impr\u00e9gn\u00e9 verd\u00e2tre, sci\u00e9<\/p>\n","protected":false},"excerpt":{"rendered":"<p>Traverses en pin<br \/>impr\u00e9gn\u00e9 verd\u00e2tre, sci\u00e9<\/p>\n","protected":false},"featured_media":327983,"template":"","meta":[],"product_cat":[59329],"product_tag":[],"_links":{"self":[{"href":"https:\/\/shop.larus.ch\/fr\/wp-json\/wp\/v2\/product\/327728"}],"collection":[{"href":"https:\/\/shop.larus.ch\/fr\/wp-json\/wp\/v2\/product"}],"about":[{"href":"https:\/\/shop.larus.ch\/fr\/wp-json\/wp\/v2\/types\/product"}],"wp:featuredmedia":[{"embeddable":true,"href":"https:\/\/shop.larus.ch\/fr\/wp-json\/wp\/v2\/media\/327983"}],"wp:attachment":[{"href":"https:\/\/shop.larus.ch\/fr\/wp-json\/wp\/v2\/media?parent=327728"}],"wp:term":[{"taxonomy":"product_cat","embeddable":true,"href":"https:\/\/shop.larus.ch\/fr\/wp-json\/wp\/v2\/product_cat?post=327728"},{"taxonomy":"product_tag","embeddable":true,"href":"https:\/\/shop.larus.ch\/fr\/wp-json\/wp\/v2\/product_tag?post=327728"}],"curies":[{"name":"wp","href":"https:\/\/api.w.org\/{rel}","templated":true}]}}