{"id":327726,"date":"2025-06-04T03:10:52","date_gmt":"2025-06-04T01:10:52","guid":{"rendered":"https:\/\/shop.larus.ch\/product\/poteaux-carres\/"},"modified":"2026-04-19T03:15:48","modified_gmt":"2026-04-19T01:15:48","slug":"poteaux-carres-6","status":"publish","type":"product","link":"https:\/\/shop.larus.ch\/fr\/product\/poteaux-carres-6\/","title":{"rendered":"Poteaux carr\u00e9s"},"content":{"rendered":"<p>Poteaux carr\u00e9s avec t\u00eate ronde pour panneau Scala, m\u00e9l\u00e8ze gris trait\u00e9, <\/p>\n","protected":false},"excerpt":{"rendered":"<p>Poteaux carr\u00e9s avec t\u00eate ronde pour panneau Scala, m\u00e9l\u00e8ze gris trait\u00e9, <\/p>\n","protected":false},"featured_media":0,"template":"","meta":[],"product_cat":[59279],"product_tag":[],"_links":{"self":[{"href":"https:\/\/shop.larus.ch\/fr\/wp-json\/wp\/v2\/product\/327726"}],"collection":[{"href":"https:\/\/shop.larus.ch\/fr\/wp-json\/wp\/v2\/product"}],"about":[{"href":"https:\/\/shop.larus.ch\/fr\/wp-json\/wp\/v2\/types\/product"}],"wp:attachment":[{"href":"https:\/\/shop.larus.ch\/fr\/wp-json\/wp\/v2\/media?parent=327726"}],"wp:term":[{"taxonomy":"product_cat","embeddable":true,"href":"https:\/\/shop.larus.ch\/fr\/wp-json\/wp\/v2\/product_cat?post=327726"},{"taxonomy":"product_tag","embeddable":true,"href":"https:\/\/shop.larus.ch\/fr\/wp-json\/wp\/v2\/product_tag?post=327726"}],"curies":[{"name":"wp","href":"https:\/\/api.w.org\/{rel}","templated":true}]}}