{"id":327724,"date":"2025-06-04T03:10:42","date_gmt":"2025-06-04T01:10:42","guid":{"rendered":"https:\/\/shop.larus.ch\/product\/poteaux\/"},"modified":"2026-04-16T03:20:44","modified_gmt":"2026-04-16T01:20:44","slug":"poteaux","status":"publish","type":"product","link":"https:\/\/shop.larus.ch\/fr\/product\/poteaux\/","title":{"rendered":"Poteaux"},"content":{"rendered":"<p>Poteaux en m\u00e9l\u00e8ze naturel, rabot\u00e9 lisse, biseaut\u00e9s<\/p>\n","protected":false},"excerpt":{"rendered":"<p>Poteaux en m\u00e9l\u00e8ze naturel, rabot\u00e9 lisse, biseaut\u00e9s<\/p>\n","protected":false},"featured_media":327981,"template":"","meta":[],"product_cat":[59283],"product_tag":[],"_links":{"self":[{"href":"https:\/\/shop.larus.ch\/fr\/wp-json\/wp\/v2\/product\/327724"}],"collection":[{"href":"https:\/\/shop.larus.ch\/fr\/wp-json\/wp\/v2\/product"}],"about":[{"href":"https:\/\/shop.larus.ch\/fr\/wp-json\/wp\/v2\/types\/product"}],"wp:featuredmedia":[{"embeddable":true,"href":"https:\/\/shop.larus.ch\/fr\/wp-json\/wp\/v2\/media\/327981"}],"wp:attachment":[{"href":"https:\/\/shop.larus.ch\/fr\/wp-json\/wp\/v2\/media?parent=327724"}],"wp:term":[{"taxonomy":"product_cat","embeddable":true,"href":"https:\/\/shop.larus.ch\/fr\/wp-json\/wp\/v2\/product_cat?post=327724"},{"taxonomy":"product_tag","embeddable":true,"href":"https:\/\/shop.larus.ch\/fr\/wp-json\/wp\/v2\/product_tag?post=327724"}],"curies":[{"name":"wp","href":"https:\/\/api.w.org\/{rel}","templated":true}]}}