{"id":327720,"date":"2025-06-04T03:10:41","date_gmt":"2025-06-04T01:10:41","guid":{"rendered":"https:\/\/shop.larus.ch\/product\/jardiniere-a-treillis\/"},"modified":"2026-04-16T03:20:42","modified_gmt":"2026-04-16T01:20:42","slug":"jardiniere-a-treillis","status":"publish","type":"product","link":"https:\/\/shop.larus.ch\/fr\/product\/jardiniere-a-treillis\/","title":{"rendered":"Jardini\u00e8re a. treillis"},"content":{"rendered":"<p>Jardini\u00e8re avec treillis <br \/>avec treillis diagonale<br \/>impr\u00e9gn\u00e9 verd\u00e2tre<br \/>kit<\/p>\n","protected":false},"excerpt":{"rendered":"<p>Jardini\u00e8re avec treillis <br \/>avec treillis diagonale<br \/>impr\u00e9gn\u00e9 verd\u00e2tre<br \/>kit<\/p>\n","protected":false},"featured_media":327977,"template":"","meta":[],"product_cat":[59427],"product_tag":[],"_links":{"self":[{"href":"https:\/\/shop.larus.ch\/fr\/wp-json\/wp\/v2\/product\/327720"}],"collection":[{"href":"https:\/\/shop.larus.ch\/fr\/wp-json\/wp\/v2\/product"}],"about":[{"href":"https:\/\/shop.larus.ch\/fr\/wp-json\/wp\/v2\/types\/product"}],"wp:featuredmedia":[{"embeddable":true,"href":"https:\/\/shop.larus.ch\/fr\/wp-json\/wp\/v2\/media\/327977"}],"wp:attachment":[{"href":"https:\/\/shop.larus.ch\/fr\/wp-json\/wp\/v2\/media?parent=327720"}],"wp:term":[{"taxonomy":"product_cat","embeddable":true,"href":"https:\/\/shop.larus.ch\/fr\/wp-json\/wp\/v2\/product_cat?post=327720"},{"taxonomy":"product_tag","embeddable":true,"href":"https:\/\/shop.larus.ch\/fr\/wp-json\/wp\/v2\/product_tag?post=327720"}],"curies":[{"name":"wp","href":"https:\/\/api.w.org\/{rel}","templated":true}]}}