{"id":327718,"date":"2025-06-04T03:10:39","date_gmt":"2025-06-04T01:10:39","guid":{"rendered":"https:\/\/shop.larus.ch\/product\/balancoire-mathias\/"},"modified":"2026-04-16T03:20:39","modified_gmt":"2026-04-16T01:20:39","slug":"balancoire-mathias","status":"publish","type":"product","link":"https:\/\/shop.larus.ch\/fr\/product\/balancoire-mathias\/","title":{"rendered":"Balan\u00e7oire Mathias"},"content":{"rendered":"<p>Balan\u00e7oire Mathias<br \/>impr\u00e9gn\u00e9 verd\u00e2tre, kit de montage complet, 2 colliers pour balan\u00e7oire en PVC, 1 si\u00e8ges en PVC, poutre pour balan\u00e7oire \u00d8 10 cm, support \u00d8 8 cm<\/p>\n","protected":false},"excerpt":{"rendered":"<p>Balan\u00e7oire Mathias<br \/>impr\u00e9gn\u00e9 verd\u00e2tre, kit de montage complet, 2 colliers pour balan\u00e7oire en PVC, 1 si\u00e8ges en PVC, poutre pour balan\u00e7oire \u00d8 10 cm, support \u00d8 8 cm<\/p>\n","protected":false},"featured_media":327975,"template":"","meta":[],"product_cat":[],"product_tag":[],"_links":{"self":[{"href":"https:\/\/shop.larus.ch\/fr\/wp-json\/wp\/v2\/product\/327718"}],"collection":[{"href":"https:\/\/shop.larus.ch\/fr\/wp-json\/wp\/v2\/product"}],"about":[{"href":"https:\/\/shop.larus.ch\/fr\/wp-json\/wp\/v2\/types\/product"}],"wp:featuredmedia":[{"embeddable":true,"href":"https:\/\/shop.larus.ch\/fr\/wp-json\/wp\/v2\/media\/327975"}],"wp:attachment":[{"href":"https:\/\/shop.larus.ch\/fr\/wp-json\/wp\/v2\/media?parent=327718"}],"wp:term":[{"taxonomy":"product_cat","embeddable":true,"href":"https:\/\/shop.larus.ch\/fr\/wp-json\/wp\/v2\/product_cat?post=327718"},{"taxonomy":"product_tag","embeddable":true,"href":"https:\/\/shop.larus.ch\/fr\/wp-json\/wp\/v2\/product_tag?post=327718"}],"curies":[{"name":"wp","href":"https:\/\/api.w.org\/{rel}","templated":true}]}}