{"id":327716,"date":"2025-06-04T03:10:30","date_gmt":"2025-06-04T01:10:30","guid":{"rendered":"https:\/\/shop.larus.ch\/product\/seuils-scie\/"},"modified":"2026-04-16T03:20:27","modified_gmt":"2026-04-16T01:20:27","slug":"seuils-scie-3","status":"publish","type":"product","link":"https:\/\/shop.larus.ch\/fr\/product\/seuils-scie-3\/","title":{"rendered":"Seuils sci\u00e9"},"content":{"rendered":"<p>Seuils en ch\u00eane, sci\u00e9, naturel, d\u00e9grossis<\/p>\n","protected":false},"excerpt":{"rendered":"<p>Seuils en ch\u00eane, sci\u00e9, naturel, d\u00e9grossis<\/p>\n","protected":false},"featured_media":0,"template":"","meta":[],"product_cat":[60239],"product_tag":[],"_links":{"self":[{"href":"https:\/\/shop.larus.ch\/fr\/wp-json\/wp\/v2\/product\/327716"}],"collection":[{"href":"https:\/\/shop.larus.ch\/fr\/wp-json\/wp\/v2\/product"}],"about":[{"href":"https:\/\/shop.larus.ch\/fr\/wp-json\/wp\/v2\/types\/product"}],"wp:attachment":[{"href":"https:\/\/shop.larus.ch\/fr\/wp-json\/wp\/v2\/media?parent=327716"}],"wp:term":[{"taxonomy":"product_cat","embeddable":true,"href":"https:\/\/shop.larus.ch\/fr\/wp-json\/wp\/v2\/product_cat?post=327716"},{"taxonomy":"product_tag","embeddable":true,"href":"https:\/\/shop.larus.ch\/fr\/wp-json\/wp\/v2\/product_tag?post=327716"}],"curies":[{"name":"wp","href":"https:\/\/api.w.org\/{rel}","templated":true}]}}